{"id":505,"date":"2021-09-02T16:03:22","date_gmt":"2021-09-02T14:03:22","guid":{"rendered":"https:\/\/confluence-creative.com\/mentions-legales\/"},"modified":"2022-02-15T11:05:51","modified_gmt":"2022-02-15T10:05:51","slug":"politique-de-confidentialite","status":"publish","type":"page","link":"https:\/\/confluence-creative.com\/fr\/politique-de-confidentialite\/","title":{"rendered":"Politique de confidentialit\u00e9"},"content":{"rendered":"<div class=\"wpb-content-wrapper\"><p>[vc_row][vc_column width=\u00a0\u00bb1\/1&Prime;][vc_custom_heading text_color=\u00a0\u00bbcolor-166385&Prime; heading_semantic=\u00a0\u00bbh1&Prime; text_size=\u00a0\u00bbh1&Prime; text_transform=\u00a0\u00bbuppercase\u00a0\u00bb uncode_shortcode_id=\u00a0\u00bb152410&Prime; text_color_type=\u00a0\u00bbuncode-palette\u00a0\u00bb]Politique de confidentialit\u00e9[\/vc_custom_heading][\/vc_column][\/vc_row][vc_row][vc_column width=\u00a0\u00bb1\/1&Prime;][vc_column_text uncode_shortcode_id=\u00a0\u00bb157186&Prime;]<\/p>\n<h2>LA SOCI\u00c9T\u00c9<\/h2>\n<p>Confluence Cr\u00e9ative<\/p>\n<p><span class=\"s1\">134 rue de Bordeaux<br \/>\n16000 <\/span><span class=\"s1\">ANGOUL\u00caME<br \/>\nT\u00e9l. +33 (0)5 45 92 66 02<br \/>\n<\/span><span class=\"s1\">Site : <a href=\"\/\"><span class=\"s2\">confluence-creative.com<\/span><\/a><\/span>[\/vc_column_text][vc_column_text uncode_shortcode_id=\u00a0\u00bb531008&Prime;]<\/p>\n<h2>R\u00c9ALISATION<\/h2>\n<p>Site r\u00e9alis\u00e9 par l\u2019Agence web Idealcoms<br \/>\nIdealcoms s.a.r.l \u2013 SIRET 42252307600038<br \/>\n9 boulevard de Bretagne, 16000 Angoul\u00eame<br \/>\n05 45 90 97 95<br \/>\n<a style=\"color: #1d4155;\" href=\"https:\/\/www.idealcoms.net\/\" target=\"_blank\" rel=\"noopener noreferrer\">www.idealcoms.net<\/a><\/p>\n<h2>H\u00c9BERGEMENT<\/h2>\n<p>Infomaniak<br \/>\nSi\u00e8ge social : Avenue de la Praille 26, 1227 Gen\u00e8ve, SUISSE<br \/>\n<a style=\"color: #1d4155;\" href=\"http:\/\/www.infomaniak.com\" target=\"_blank\" rel=\"noopener\">www.infomaniak.com<\/a><\/p>\n<h2>CONTENU DU SITE<\/h2>\n<p>Le site <a style=\"color: #1d4155;\" href=\"\/\">confluence-creative.com<\/a> est la propri\u00e9t\u00e9 du r\u00e9seau Confluence Cr\u00e9ative.<br \/>\nLes services pr\u00e9sent\u00e9s sont destin\u00e9s \u00e0 \u00eatre utilis\u00e9s selon les conditions contractuelles.<br \/>\nConfluence Cr\u00e9ative se r\u00e9serve le droit de modifier \u00e0 tout moment, sans pr\u00e9avis, le contenu de ses pages web.<\/p>\n<h2>DROITS D\u2019AUTEUR ET REPRODUCTION<\/h2>\n<p>L\u2019ensemble de ce site rel\u00e8ve de la l\u00e9gislation fran\u00e7aise et internationale sur le droit d\u2019auteur et la propri\u00e9t\u00e9 intellectuelle.<br \/>\nToute reproduction totale ou partielle est strictement interdite sans autorisation expresse et pr\u00e9alable de la Soci\u00e9t\u00e9 Idealcoms\u00a0(article L335-2 du Code de la Propri\u00e9t\u00e9 Intellectuelle). L\u2019acc\u00e8s \u00e0 notre site vous conf\u00e8re un droit d\u2019usage priv\u00e9 et non exclusif de son contenu.\u00a0Les \u00e9ventuels logos, visuels et marques pr\u00e9sents sur les pages sont la propri\u00e9t\u00e9 de leur d\u00e9tenteur respectif.<\/p>\n<h2>DONN\u00c9ES PERSONNELLES<\/h2>\n<p>Le site Internet <a style=\"color: #1d4155;\" href=\"\/\">confluence-creative.com<\/a> est la propri\u00e9t\u00e9 du r\u00e9seau Confluence Cr\u00e9ative. Il pr\u00e9sente aux visiteurs et aux clients naviguant sur le Site (les Utilisateurs) un certain nombre d\u2019informations li\u00e9es \u00e0 l&rsquo;\u00e9tude mise en place pour un Master en Cr\u00e9ation num\u00e9rique de Confluence Cr\u00e9ative.<br \/>\nL\u2019Utilisateur s\u2019engage d\u2019ores et d\u00e9j\u00e0 \u00e0 faire des informations contenues sur le site un usage personnel et non commercial.<\/p>\n<p>Nous nous engageons aupr\u00e8s de vous, visiteurs et clients de notre site, \u00e0 vous garantir la confidentialit\u00e9 des informations personnelles que vous nous fournissez.<br \/>\nEn respect des r\u00e9glementations fran\u00e7aise et europ\u00e9enne et conform\u00e9ment \u00e0 la loi Informatique et Libert\u00e9s en date du 6 janvier 1978, vous disposez d\u2019un droit d\u2019acc\u00e8s, de rectification, de portabilit\u00e9, de modification et de suppression concernant les donn\u00e9es qui vous concernent. Vous pouvez exercer ce droit en nous envoyant un courrier \u00e0 l\u2019adresse suivante.<\/p>\n<h3>Partage et divulgation des donn\u00e9es<\/h3>\n<p>Confluence Cr\u00e9ative est seul destinataire des donn\u00e9es collect\u00e9es.<br \/>\nConfluence Cr\u00e9ative ne transmet vos donn\u00e9es personnelles \u00e0 un tiers que :<br \/>\n&#8211; lorsque vous nous avez donn\u00e9 votre accord pr\u00e9alable pour le partage de ces informations ;<br \/>\n&#8211; lorsque Confluence Cr\u00e9ative doit partager ces informations avec ses partenaires et prestataires notamment les prestataires techniques pour vous fournir le service que vous avez demand\u00e9 (par exemple l&rsquo;envoi de la newsletter) ;<br \/>\n&#8211; lorsque Confluence Cr\u00e9ative re\u00e7oit la requ\u00eate d&rsquo;une autorit\u00e9 judiciaire ou de toute autorit\u00e9 administrative habilit\u00e9e par la loi sollicitant la communication de ces informations conform\u00e9ment aux dispositions l\u00e9gislatives en vigueur.<\/p>\n<p>Confluence Cr\u00e9ative met en \u0153uvre des r\u00e8gles de s\u00e9curit\u00e9 pour assurer la confidentialit\u00e9 et la s\u00e9curit\u00e9 des donn\u00e9es personnelles collect\u00e9es lors de leur transmission aux personnes pr\u00e9cit\u00e9es.<\/p>\n<h3>Mesures de s\u00e9curit\u00e9<\/h3>\n<p>Confluence Cr\u00e9ative fournit ses meilleurs efforts pour prot\u00e9ger vos donn\u00e9es personnelles contre les dommages, pertes, d\u00e9tournements, intrusions, divulgations, alt\u00e9rations ou destructions.<\/p>\n<p>Par ailleurs, les salari\u00e9s de Confluence Cr\u00e9ative qui, du fait de leur fonction, auraient acc\u00e8s \u00e0 vos donn\u00e9es personnelles s&rsquo;engagent \u00e0 la plus grande confidentialit\u00e9 \u00e0 cet \u00e9gard.<\/p>\n<p>Toutefois, nous ne ma\u00eetrisons pas les risques li\u00e9s au fonctionnement d\u2019Internet. Nous attirons votre attention sur l&rsquo;existence d&rsquo;\u00e9ventuels risques en terme de pertes ponctuelles de donn\u00e9es ou d&rsquo;atteinte \u00e0 la confidentialit\u00e9 des donn\u00e9es transitant via ce r\u00e9seau. Les informations propos\u00e9es sur notre site pourront \u00eatre interrompues pour des cas de force majeure ou ind\u00e9pendants de la volont\u00e9 de Confluence Cr\u00e9ative ou de faits ne relevant pas de la responsabilit\u00e9 de Confluence Cr\u00e9ative.<\/p>\n<h2>LIENS HYPERTEXTES<\/h2>\n<p>Toute cr\u00e9ation de lien hypertexte pointant vers le site <a style=\"color: #1d4155;\" href=\"\/\">confluence-creative.com<\/a> est libre. L\u2019existence d\u2019un lien hypertexte du site <a style=\"color: #1d4155;\" href=\"\/\">confluence-creative.com<\/a> vers un autre site ne constitue pas une validation de ce site ou de son contenu, Confluence Cr\u00e9ative ne peut exercer de contr\u00f4le sur le contenu de ces sites et sa responsabilit\u00e9 ne saurait \u00eatre engag\u00e9e quant aux informations, opinions et recommandations formul\u00e9es par ces tiers.<\/p>\n<h2>MODIFICATION DES MENTIONS L\u00c9GALES ET DE LA POLITIQUE DE CONFIDENTIALIT\u00c9<\/h2>\n<p>Confluence Cr\u00e9ative vous informe que les Mentions L\u00e9gales peuvent \u00eatre modifi\u00e9es \u00e0 tout moment. Ces modifications sont publi\u00e9es par leur mise en ligne et sont r\u00e9put\u00e9es accept\u00e9es sans r\u00e9serve lorsque vous acc\u00e9dez au Site post\u00e9rieurement \u00e0 leur mise en ligne. Nous vous recommandons de consulter r\u00e9guli\u00e8rement la pr\u00e9sente page, date de sa derni\u00e8re mise \u00e0 jour : <strong>20\/01\/2022<\/strong>.<\/p>\n<h2>CR\u00c9DITS<\/h2>\n<h3>Photos et illustrations<\/h3>\n<p>EESI.[\/vc_column_text][\/vc_column][\/vc_row]<\/p>\n<\/div>","protected":false},"excerpt":{"rendered":"<p>[vc_row][vc_column width=\u00a0\u00bb1\/1&Prime;][vc_custom_heading text_color=\u00a0\u00bbcolor-166385&Prime; heading_semantic=\u00a0\u00bbh1&Prime; text_size=\u00a0\u00bbh1&Prime; text_transform=\u00a0\u00bbuppercase\u00a0\u00bb uncode_shortcode_id=\u00a0\u00bb152410&Prime; text_color_type=\u00a0\u00bbuncode-palette\u00a0\u00bb]Politique de confidentialit\u00e9[\/vc_custom_heading][\/vc_column][\/vc_row][vc_row][vc_column width=\u00a0\u00bb1\/1&Prime;][vc_column_text uncode_shortcode_id=\u00a0\u00bb157186&Prime;] LA SOCI\u00c9T\u00c9 Confluence Cr\u00e9ative 134 rue de Bordeaux [&hellip;]<\/p>\n","protected":false},"author":2,"featured_media":0,"parent":0,"menu_order":10,"comment_status":"closed","ping_status":"closed","template":"","meta":{"_seopress_robots_primary_cat":"","_seopress_titles_title":"","_seopress_titles_desc":"","_seopress_robots_index":"","footnotes":""},"class_list":["post-505","page","type-page","status-publish","hentry"],"_links":{"self":[{"href":"https:\/\/confluence-creative.com\/fr\/wp-json\/wp\/v2\/pages\/505","targetHints":{"allow":["GET"]}}],"collection":[{"href":"https:\/\/confluence-creative.com\/fr\/wp-json\/wp\/v2\/pages"}],"about":[{"href":"https:\/\/confluence-creative.com\/fr\/wp-json\/wp\/v2\/types\/page"}],"author":[{"embeddable":true,"href":"https:\/\/confluence-creative.com\/fr\/wp-json\/wp\/v2\/users\/2"}],"replies":[{"embeddable":true,"href":"https:\/\/confluence-creative.com\/fr\/wp-json\/wp\/v2\/comments?post=505"}],"version-history":[{"count":3,"href":"https:\/\/confluence-creative.com\/fr\/wp-json\/wp\/v2\/pages\/505\/revisions"}],"predecessor-version":[{"id":1089,"href":"https:\/\/confluence-creative.com\/fr\/wp-json\/wp\/v2\/pages\/505\/revisions\/1089"}],"wp:attachment":[{"href":"https:\/\/confluence-creative.com\/fr\/wp-json\/wp\/v2\/media?parent=505"}],"curies":[{"name":"wp","href":"https:\/\/api.w.org\/{rel}","templated":true}]}}