{"id":39,"date":"2021-09-02T15:55:53","date_gmt":"2021-09-02T13:55:53","guid":{"rendered":"https:\/\/confluence-creative.com\/accueil\/"},"modified":"2022-03-12T18:33:22","modified_gmt":"2022-03-12T17:33:22","slug":"accueil","status":"publish","type":"page","link":"https:\/\/confluence-creative.com\/fr\/","title":{"rendered":"Accueil"},"content":{"rendered":"<div class=\"wpb-content-wrapper\"><p>[vc_section back_color=\u00a0\u00bbcolor-166663&Prime; overlay_alpha=\u00a0\u00bb50&Prime; uncode_shortcode_id=\u00a0\u00bb204296&Prime; back_color_type=\u00a0\u00bbuncode-palette\u00a0\u00bb][vc_row row_height_percent=\u00a0\u00bb0&Prime; override_padding=\u00a0\u00bbyes\u00a0\u00bb h_padding=\u00a0\u00bb2&Prime; top_padding=\u00a0\u00bb0&Prime; bottom_padding=\u00a0\u00bb2&Prime; overlay_alpha=\u00a0\u00bb50&Prime; gutter_size=\u00a0\u00bb3&Prime; column_width_percent=\u00a0\u00bb100&Prime; shift_y=\u00a0\u00bb0&Prime; z_index=\u00a0\u00bb0&Prime; uncode_shortcode_id=\u00a0\u00bb857604&Prime;][vc_column column_width_use_pixel=\u00a0\u00bbyes\u00a0\u00bb gutter_size=\u00a0\u00bb2&Prime; overlay_alpha=\u00a0\u00bb50&Prime; shift_x=\u00a0\u00bb0&Prime; shift_y=\u00a0\u00bb0&Prime; shift_y_down=\u00a0\u00bb0&Prime; z_index=\u00a0\u00bb0&Prime; medium_width=\u00a0\u00bb0&Prime; mobile_width=\u00a0\u00bb0&Prime; width=\u00a0\u00bb1\/1&Prime; uncode_shortcode_id=\u00a0\u00bb199773&Prime; column_width_pixel=\u00a0\u00bb650&Prime;][vc_single_image media=\u00a0\u00bb1102&Prime; media_width_use_pixel=\u00a0\u00bbyes\u00a0\u00bb alignment=\u00a0\u00bbcenter\u00a0\u00bb uncode_shortcode_id=\u00a0\u00bb516438&Prime; media_width_pixel=\u00a0\u00bb700&Prime;][vc_custom_heading heading_semantic=\u00a0\u00bbh1&Prime; uncode_shortcode_id=\u00a0\u00bb687217&Prime;]Master Cr\u00e9ative M\u00e9dia[\/vc_custom_heading][vc_custom_heading heading_semantic=\u00a0\u00bbp\u00a0\u00bb text_size=\u00a0\u00bbh5&Prime; uncode_shortcode_id=\u00a0\u00bb212645&Prime;]\u00c9tude prospective[\/vc_custom_heading][vc_column_text text_lead=\u00a0\u00bbyes\u00a0\u00bb uncode_shortcode_id=\u00a0\u00bb134647&Prime;]<\/p>\n<p class=\"p1\" style=\"text-align: left;\">Le Master Creative Media r\u00e9pond \u00e0 un besoin identifi\u00e9 d\u2019\u00e9largir l&rsquo;offre de formation existante dans la fili\u00e8re culturelle et artistique au Mexique.<\/p>\n<p>[\/vc_column_text][vc_column_text uncode_shortcode_id=\u00a0\u00bb203981&Prime;]La mise en place de ce Master entre les trois \u00e9tablissements du Consortium enseignement sup\u00e9rieur d\u2019Angoul\u00eame (Eesi-Cnam Enjmin- Emca) et leur partenaire au Mexique, l\u2019\u00e9cole d\u2019architecture, d\u2019art et de design du Tec de Monterrey compl\u00e8tera avec un volet enseignement et formation artistique, et consolidera, les relations entre les deux agglom\u00e9rations, Angoul\u00eame et Zapopan.<\/p>\n<p>Grand Angoul\u00eame et Zapopan coop\u00e8rent depuis 2012 pour la mise en \u0153uvre d\u2019actions communes portant sur les \u00ab\u202findustries culturelles et cr\u00e9atives\u202f\u00bb, regroup\u00e9es dans le projet \u00ab Confluence Cr\u00e9ative \u00bb dont la cr\u00e9ation du Master Creative Media constitue un des volets.<\/p>\n<p>L\u2019Ecole Europ\u00e9enne Sup\u00e9rieure de l\u2019Imae (EESI) a \u00e9t\u00e9 d\u00e9sign\u00e9e pour piloter une enqu\u00eate aupr\u00e8s de vingt experts dans le domaine des arts, des m\u00e9dias et des nouvelles technologies, et coordonner l\u2019\u00e9laboration du cursus d\u2019enseignement sur deux ans du Master. Cette mission s\u2019est conclue par un rapport d\u2019opportunit\u00e9 et une maquette p\u00e9dagogique.<br \/>\nLa mise en \u0153uvre effective du Master Creative Media pourrait avoir lieu d\u00e8s la rentr\u00e9e universitaire 2022-2023.[\/vc_column_text][vc_row_inner limit_content=\u00a0\u00bb\u00a0\u00bb][vc_column_inner column_width_percent=\u00a0\u00bb100&Prime; position_vertical=\u00a0\u00bbbottom\u00a0\u00bb align_horizontal=\u00a0\u00bbalign_center\u00a0\u00bb gutter_size=\u00a0\u00bb3&Prime; overlay_alpha=\u00a0\u00bb50&Prime; shift_x=\u00a0\u00bb0&Prime; shift_y=\u00a0\u00bb0&Prime; shift_y_down=\u00a0\u00bb0&Prime; z_index=\u00a0\u00bb0&Prime; medium_width=\u00a0\u00bb0&Prime; mobile_width=\u00a0\u00bb0&Prime; width=\u00a0\u00bb1\/1&Prime; uncode_shortcode_id=\u00a0\u00bb866206&Prime;][vc_empty_space empty_h=\u00a0\u00bb1&Prime;][vc_icon icon=\u00a0\u00bbfa fa-arrow-down4&Prime; icon_color=\u00a0\u00bbcolor-169046&Prime; size=\u00a0\u00bbfa-4x\u00a0\u00bb uncode_shortcode_id=\u00a0\u00bb164853&Prime; icon_color_type=\u00a0\u00bbuncode-palette\u00a0\u00bb][\/vc_icon][\/vc_column_inner][\/vc_row_inner][\/vc_column][\/vc_row][\/vc_section][vc_row row_height_percent=\u00a0\u00bb0&Prime; override_padding=\u00a0\u00bbyes\u00a0\u00bb h_padding=\u00a0\u00bb2&Prime; top_padding=\u00a0\u00bb3&Prime; bottom_padding=\u00a0\u00bb2&Prime; overlay_alpha=\u00a0\u00bb50&Prime; gutter_size=\u00a0\u00bb3&Prime; column_width_percent=\u00a0\u00bb100&Prime; shift_y=\u00a0\u00bb0&Prime; z_index=\u00a0\u00bb0&Prime; el_class=\u00a0\u00bbinverted-device-order\u00a0\u00bb uncode_shortcode_id=\u00a0\u00bb872883&Prime;][vc_column column_width_percent=\u00a0\u00bb100&Prime; position_horizontal=\u00a0\u00bbleft\u00a0\u00bb position_vertical=\u00a0\u00bbmiddle\u00a0\u00bb gutter_size=\u00a0\u00bb3&Prime; overlay_alpha=\u00a0\u00bb50&Prime; shift_x=\u00a0\u00bb0&Prime; shift_y=\u00a0\u00bb0&Prime; shift_y_down=\u00a0\u00bb0&Prime; z_index=\u00a0\u00bb0&Prime; medium_width=\u00a0\u00bb4&Prime; mobile_width=\u00a0\u00bb0&Prime; width=\u00a0\u00bb1\/2&Prime; uncode_shortcode_id=\u00a0\u00bb151738&Prime;][vc_custom_heading text_size=\u00a0\u00bbh3&Prime; text_transform=\u00a0\u00bbuppercase\u00a0\u00bb uncode_shortcode_id=\u00a0\u00bb258124&Prime;]Les grandes orientations du master[\/vc_custom_heading][vc_column_text uncode_shortcode_id=\u00a0\u00bb112074&Prime;]Cette formation de niveau Master PRO a \u00e9t\u00e9 con\u00e7ue pour r\u00e9pondre au d\u00e9fi pos\u00e9 par les industries culturelles et cr\u00e9atives en mati\u00e8re d\u2019innovation et d\u2019insertion professionnelle dans la soci\u00e9t\u00e9 digitale du XXI\u00b0si\u00e8cle. Elle constitue une synth\u00e8se originale entre trois grands courants de domaines d\u2019expression artistique : de l\u2019Art num\u00e9rique, les Jeux Vid\u00e9os et de l\u2019Animation 3D, qui int\u00e8grent constamment de nouveaux outils et de nouveaux usages en convergence dans le monde du num\u00e9rique.<\/p>\n<p>Notre master propose d\u2019abord \u00e0 un \u00e9tudiant, entrant en niveau Licence, d\u2019acqu\u00e9rir \u00e0 l\u2019issue de sa formation une ma\u00eetrise op\u00e9rationnelle couvrant l\u2019ensemble du pipeline Creative Media, de la naissance de l\u2019id\u00e9e en phase de conception, \u00e0 la production des contenus avec la pratique des outils (AI, VR, robotics), jusqu\u2019\u00e0 la phase manag\u00e9riale de diffusion du produit (gestion &amp; IP).[\/vc_column_text][vc_button button_color=\u00a0\u00bbaccent\u00a0\u00bb border_width=\u00a0\u00bb0&Prime; link=\u00a0\u00bburl:https%3A%2F%2Fconfluence-creative.com%2Ffr%2Fles-grandes-orientations%2F|title:Les%20grandes%20orientations\u00a0\u00bb button_color_type=\u00a0\u00bbuncode-palette\u00a0\u00bb uncode_shortcode_id=\u00a0\u00bb795647&Prime;]Consulter la maquette p\u00e9dagogique[\/vc_button][\/vc_column][vc_column column_width_percent=\u00a0\u00bb100&Prime; position_horizontal=\u00a0\u00bbright\u00a0\u00bb position_vertical=\u00a0\u00bbmiddle\u00a0\u00bb gutter_size=\u00a0\u00bb3&Prime; overlay_alpha=\u00a0\u00bb50&Prime; shift_x=\u00a0\u00bb0&Prime; shift_y=\u00a0\u00bb0&Prime; shift_y_down=\u00a0\u00bb0&Prime; z_index=\u00a0\u00bb0&Prime; medium_width=\u00a0\u00bb4&Prime; mobile_width=\u00a0\u00bb0&Prime; width=\u00a0\u00bb1\/2&Prime; el_class=\u00a0\u00bbinverted-device-order\u00a0\u00bb uncode_shortcode_id=\u00a0\u00bb119449&Prime;][vc_single_image media=\u00a0\u00bb1307&Prime; media_width_percent=\u00a0\u00bb100&Prime; alignment=\u00a0\u00bbright\u00a0\u00bb uncode_shortcode_id=\u00a0\u00bb201749&Prime;][\/vc_column][\/vc_row][vc_row row_height_percent=\u00a0\u00bb0&Prime; override_padding=\u00a0\u00bbyes\u00a0\u00bb h_padding=\u00a0\u00bb2&Prime; top_padding=\u00a0\u00bb4&Prime; bottom_padding=\u00a0\u00bb2&Prime; overlay_alpha=\u00a0\u00bb50&Prime; gutter_size=\u00a0\u00bb3&Prime; column_width_percent=\u00a0\u00bb100&Prime; shift_y=\u00a0\u00bb0&Prime; z_index=\u00a0\u00bb0&Prime; uncode_shortcode_id=\u00a0\u00bb168497&Prime;][vc_column column_width_percent=\u00a0\u00bb100&Prime; position_horizontal=\u00a0\u00bbleft\u00a0\u00bb gutter_size=\u00a0\u00bb3&Prime; overlay_alpha=\u00a0\u00bb50&Prime; shift_x=\u00a0\u00bb0&Prime; shift_y=\u00a0\u00bb0&Prime; shift_y_down=\u00a0\u00bb0&Prime; z_index=\u00a0\u00bb0&Prime; medium_width=\u00a0\u00bb4&Prime; mobile_width=\u00a0\u00bb0&Prime; width=\u00a0\u00bb1\/2&Prime; el_class=\u00a0\u00bbinverted-device-order\u00a0\u00bb uncode_shortcode_id=\u00a0\u00bb117986&Prime;][vc_single_image media=\u00a0\u00bb4441&Prime; media_width_percent=\u00a0\u00bb100&Prime; uncode_shortcode_id=\u00a0\u00bb242018&Prime;][\/vc_column][vc_column column_width_percent=\u00a0\u00bb100&Prime; position_horizontal=\u00a0\u00bbright\u00a0\u00bb position_vertical=\u00a0\u00bbmiddle\u00a0\u00bb gutter_size=\u00a0\u00bb3&Prime; overlay_alpha=\u00a0\u00bb50&Prime; shift_x=\u00a0\u00bb0&Prime; shift_y=\u00a0\u00bb0&Prime; shift_y_down=\u00a0\u00bb0&Prime; z_index=\u00a0\u00bb0&Prime; medium_width=\u00a0\u00bb4&Prime; mobile_width=\u00a0\u00bb0&Prime; width=\u00a0\u00bb1\/2&Prime; uncode_shortcode_id=\u00a0\u00bb543970&Prime;][vc_custom_heading text_size=\u00a0\u00bbh3&Prime; text_transform=\u00a0\u00bbuppercase\u00a0\u00bb uncode_shortcode_id=\u00a0\u00bb140091&Prime;]Le point de vue de nos experts[\/vc_custom_heading][vc_column_text uncode_shortcode_id=\u00a0\u00bb859530&Prime;]Dans le but de sonder la pertinence du Master Creative Media, \u00e0 la fois sur le plan de l\u2019ad\u00e9quation et de sa pertinence prospective, vingt personnalit\u00e9s du monde universitaire, artistique et industriel reconnus pour leur longue exp\u00e9rience dans leurs domaines respectifs et leur r\u00e9putation d\u2019expertise dans le domaine de la cr\u00e9ation num\u00e9rique, ont \u00e9t\u00e9 sollicit\u00e9s afin conna\u00eetre leur sentiment sur l\u2019\u00e9tat de l\u2019art et sur l\u2019\u00e9volution des technologies de cr\u00e9ation dans les prochaines ann\u00e9es : jeux vid\u00e9o, dispositifs interactifs, immersion virtuelle et m\u00e9taverses, intelligence artificielle et blockchain rien n&rsquo;\u00e9chappe \u00e0 leur attention.<\/p>\n<p>L\u2019analyse de ces t\u00e9moignages a constitu\u00e9 la base du rapport d\u2019opportunit\u00e9 et a permis d\u2019\u00e9valuer l\u2019ad\u00e9quation de la maquette p\u00e9dagogique.[\/vc_column_text][vc_button button_color=\u00a0\u00bbaccent\u00a0\u00bb border_width=\u00a0\u00bb0&Prime; link=\u00a0\u00bburl:https%3A%2F%2Fconfluence-creative.com%2Ffr%2Fpoint-de-vue-des-experts%2F|title:Les%20experts\u00a0\u00bb button_color_type=\u00a0\u00bbuncode-palette\u00a0\u00bb uncode_shortcode_id=\u00a0\u00bb183030&Prime;]Voir les interviews des experts[\/vc_button][\/vc_column][\/vc_row][vc_row row_height_percent=\u00a0\u00bb0&Prime; override_padding=\u00a0\u00bbyes\u00a0\u00bb h_padding=\u00a0\u00bb2&Prime; top_padding=\u00a0\u00bb4&Prime; bottom_padding=\u00a0\u00bb2&Prime; overlay_alpha=\u00a0\u00bb50&Prime; gutter_size=\u00a0\u00bb3&Prime; column_width_percent=\u00a0\u00bb100&Prime; shift_y=\u00a0\u00bb0&Prime; z_index=\u00a0\u00bb0&Prime; uncode_shortcode_id=\u00a0\u00bb167664&Prime;][vc_column column_width_percent=\u00a0\u00bb100&Prime; position_horizontal=\u00a0\u00bbleft\u00a0\u00bb position_vertical=\u00a0\u00bbmiddle\u00a0\u00bb gutter_size=\u00a0\u00bb3&Prime; overlay_alpha=\u00a0\u00bb50&Prime; shift_x=\u00a0\u00bb0&Prime; shift_y=\u00a0\u00bb0&Prime; shift_y_down=\u00a0\u00bb0&Prime; z_index=\u00a0\u00bb0&Prime; medium_width=\u00a0\u00bb4&Prime; mobile_width=\u00a0\u00bb0&Prime; width=\u00a0\u00bb1\/2&Prime; uncode_shortcode_id=\u00a0\u00bb595744&Prime;][vc_custom_heading text_size=\u00a0\u00bbh3&Prime; text_transform=\u00a0\u00bbuppercase\u00a0\u00bb uncode_shortcode_id=\u00a0\u00bb665712&Prime;]\u00c9tude de faisabilit\u00e9 du Master[\/vc_custom_heading][vc_column_text uncode_shortcode_id=\u00a0\u00bb669131&Prime;]L\u2019analyse approfondie de la parole des experts a confort\u00e9 l\u2019intuition premi\u00e8re d\u2019une formation de haut niveau dans les \u00ab Creative Media \u00bb issue des \u00e9changes entre les \u00e9tablissements de formation \u00e0 l\u2019image d\u2019Angoul\u00eame et le TEC de Monterrey \u00e0 Zapopan. Il s&rsquo;av\u00e8re ainsi que le Master Creative Media est une opportunit\u00e9 pour le P\u00f4le Image d\u2019Angoul\u00eame et le territoire de Zapopan de se positionner \u00e0 l\u2019avant-garde des formations actuelles sur les m\u00e9tiers de la cr\u00e9ation num\u00e9rique. L\u2019\u00e9laboration des contenus p\u00e9dagogiques qui devront l\u2019animer a mis en \u00e9vidence la capacit\u00e9 de la TEC de Monterrey et des trois \u00e9tablissements angoumoisins de formation \u00e0 l\u2019Image \u2013 l\u2019EESI, l\u2019ENJMIN et l\u2019EMCA \u2013 d\u2019\u0153uvrer ensemble \u00e0 la d\u00e9finition d\u2019un programme original et ambitieux susceptible de devenir une r\u00e9f\u00e9rence en Europe et en Am\u00e9rique latine.[\/vc_column_text][vc_button button_color=\u00a0\u00bbaccent\u00a0\u00bb border_width=\u00a0\u00bb0&Prime; link=\u00a0\u00bburl:https%3A%2F%2Fconfluence-creative.com%2Ffr%2Fla-synthese%2F|title:La%20synth%C3%A8se\u00a0\u00bb button_color_type=\u00a0\u00bbuncode-palette\u00a0\u00bb uncode_shortcode_id=\u00a0\u00bb151645&Prime;]Lire l&rsquo;\u00e9tude de faisabilit\u00e9[\/vc_button][\/vc_column][vc_column column_width_percent=\u00a0\u00bb100&Prime; position_horizontal=\u00a0\u00bbright\u00a0\u00bb gutter_size=\u00a0\u00bb3&Prime; overlay_alpha=\u00a0\u00bb50&Prime; shift_x=\u00a0\u00bb0&Prime; shift_y=\u00a0\u00bb0&Prime; shift_y_down=\u00a0\u00bb0&Prime; z_index=\u00a0\u00bb0&Prime; medium_width=\u00a0\u00bb4&Prime; mobile_width=\u00a0\u00bb0&Prime; width=\u00a0\u00bb1\/2&Prime; el_class=\u00a0\u00bbinverted-device-order\u00a0\u00bb uncode_shortcode_id=\u00a0\u00bb226515&Prime;][vc_single_image media=\u00a0\u00bb1143&Prime; media_width_percent=\u00a0\u00bb100&Prime; alignment=\u00a0\u00bbright\u00a0\u00bb uncode_shortcode_id=\u00a0\u00bb195454&Prime;][\/vc_column][\/vc_row][vc_row row_height_percent=\u00a0\u00bb0&Prime; overlay_alpha=\u00a0\u00bb50&Prime; gutter_size=\u00a0\u00bb4&Prime; column_width_percent=\u00a0\u00bb100&Prime; shift_y=\u00a0\u00bb0&Prime; z_index=\u00a0\u00bb0&Prime; el_class=\u00a0\u00bbinverted-device-order\u00a0\u00bb uncode_shortcode_id=\u00a0\u00bb322078&Prime;][vc_column column_width_percent=\u00a0\u00bb100&Prime; position_horizontal=\u00a0\u00bbleft\u00a0\u00bb position_vertical=\u00a0\u00bbmiddle\u00a0\u00bb gutter_size=\u00a0\u00bb3&Prime; overlay_alpha=\u00a0\u00bb50&Prime; shift_x=\u00a0\u00bb0&Prime; shift_y=\u00a0\u00bb0&Prime; shift_y_down=\u00a0\u00bb0&Prime; z_index=\u00a0\u00bb0&Prime; medium_width=\u00a0\u00bb4&Prime; mobile_width=\u00a0\u00bb0&Prime; width=\u00a0\u00bb1\/1&Prime;][vc_empty_space empty_h=\u00a0\u00bb2&Prime;][\/vc_column][\/vc_row][vc_section overlay_alpha=\u00a0\u00bb50&Prime; uncode_shortcode_id=\u00a0\u00bb193864&Prime;][vc_row row_height_percent=\u00a0\u00bb0&Prime; override_padding=\u00a0\u00bbyes\u00a0\u00bb h_padding=\u00a0\u00bb2&Prime; top_padding=\u00a0\u00bb1&Prime; bottom_padding=\u00a0\u00bb3&Prime; overlay_alpha=\u00a0\u00bb50&Prime; gutter_size=\u00a0\u00bb3&Prime; column_width_percent=\u00a0\u00bb100&Prime; shift_y=\u00a0\u00bb0&Prime; z_index=\u00a0\u00bb0&Prime; uncode_shortcode_id=\u00a0\u00bb104213&Prime;][vc_column column_width_percent=\u00a0\u00bb100&Prime; gutter_size=\u00a0\u00bb3&Prime; overlay_alpha=\u00a0\u00bb50&Prime; shift_x=\u00a0\u00bb0&Prime; shift_y=\u00a0\u00bb0&Prime; shift_y_down=\u00a0\u00bb0&Prime; z_index=\u00a0\u00bb0&Prime; medium_width=\u00a0\u00bb0&Prime; mobile_width=\u00a0\u00bb0&Prime; width=\u00a0\u00bb1\/1&Prime; uncode_shortcode_id=\u00a0\u00bb116938&Prime;][vc_custom_heading heading_semantic=\u00a0\u00bbp\u00a0\u00bb text_size=\u00a0\u00bbh5&Prime; uncode_shortcode_id=\u00a0\u00bb187975&Prime;]Les \u00e9coles contribuant \u00e0 la gen\u00e8se du Master[\/vc_custom_heading][vc_gallery el_id=\u00a0\u00bbgallery-161873&Prime; type=\u00a0\u00bbcarousel\u00a0\u00bb random=\u00a0\u00bbyes\u00a0\u00bb medias=\u00a0\u00bb4909,4912,4915,4918&Prime; carousel_lg=\u00a0\u00bb1&Prime; carousel_md=\u00a0\u00bb1&Prime; carousel_sm=\u00a0\u00bb1&Prime; thumb_size=\u00a0\u00bbsixteen-nine\u00a0\u00bb gutter_size=\u00a0\u00bb3&Prime; media_items=\u00a0\u00bbmedia|custom_link|original,caption\u00a0\u00bb carousel_v_align=\u00a0\u00bbmiddle\u00a0\u00bb carousel_interval=\u00a0\u00bb3000&Prime; carousel_navspeed=\u00a0\u00bb400&Prime; carousel_loop=\u00a0\u00bbyes\u00a0\u00bb carousel_nav=\u00a0\u00bbyes\u00a0\u00bb carousel_nav_skin=\u00a0\u00bbdark\u00a0\u00bb carousel_dots=\u00a0\u00bbyes\u00a0\u00bb carousel_dots_mobile=\u00a0\u00bbyes\u00a0\u00bb carousel_autoh=\u00a0\u00bbyes\u00a0\u00bb stage_padding=\u00a0\u00bb0&Prime; single_text=\u00a0\u00bbunder\u00a0\u00bb single_overlay_opacity=\u00a0\u00bb50&Prime; single_h_align=\u00a0\u00bbcenter\u00a0\u00bb single_padding=\u00a0\u00bb2&Prime; single_title_weight=\u00a0\u00bb400&Prime; single_title_transform=\u00a0\u00bbuppercase\u00a0\u00bb single_text_lead=\u00a0\u00bbsmall\u00a0\u00bb uncode_shortcode_id=\u00a0\u00bb818188&Prime; items=\u00a0\u00bbeyI0OTA5X2kiOnsic2luZ2xlX2xpbmsiOiJ1cmw6aHR0cHMlM0ElMkYlMkZ3d3cuZWVzaS5ldSUyRnNpdGUlMkZpbmRleC5waHB8dGFyZ2V0Ol9ibGFuayJ9LCI0OTEyX2kiOnsic2luZ2xlX2xpbmsiOiJ1cmw6aHR0cCUzQSUyRiUyRnd3dy5hbmdvdWxlbWUtZW1jYS5mciUyRmZyJTJGaW5kZXguYXNwfHRhcmdldDpfYmxhbmsifSwiNDkxNV9pIjp7InNpbmdsZV9saW5rIjoidXJsOmh0dHBzJTNBJTJGJTJGZW5qbWluLmNuYW0uZnIlMkZlbmptaW4lMkZlY29sZS1uYXRpb25hbGUtZHUtamV1LWV0LWRlcy1tZWRpYXMtaW50ZXJhY3RpZnMtYWNjdWVpbC0xMTI2MTAzLmtqc3B8dGFyZ2V0Ol9ibGFuayJ9LCI0OTE4X2kiOnsic2luZ2xlX2xpbmsiOiJ1cmw6aHR0cHMlM0ElMkYlMkZ0ZWMubXglMkZlc3x0YXJnZXQ6X2JsYW5rIn19&Prime;][\/vc_column][\/vc_row][\/vc_section][vc_section overlay_alpha=\u00a0\u00bb50&Prime; uncode_shortcode_id=\u00a0\u00bb193864&Prime;][vc_row row_height_percent=\u00a0\u00bb0&Prime; override_padding=\u00a0\u00bbyes\u00a0\u00bb h_padding=\u00a0\u00bb2&Prime; top_padding=\u00a0\u00bb3&Prime; bottom_padding=\u00a0\u00bb2&Prime; overlay_alpha=\u00a0\u00bb50&Prime; gutter_size=\u00a0\u00bb3&Prime; column_width_percent=\u00a0\u00bb100&Prime; shift_y=\u00a0\u00bb0&Prime; z_index=\u00a0\u00bb0&Prime; uncode_shortcode_id=\u00a0\u00bb199553&Prime;][vc_column width=\u00a0\u00bb1\/1&Prime;][uncode_block id=\u00a0\u00bb1128&Prime;][\/vc_column][\/vc_row][vc_row row_height_percent=\u00a0\u00bb0&Prime; override_padding=\u00a0\u00bbyes\u00a0\u00bb h_padding=\u00a0\u00bb2&Prime; top_padding=\u00a0\u00bb3&Prime; bottom_padding=\u00a0\u00bb2&Prime; overlay_alpha=\u00a0\u00bb50&Prime; gutter_size=\u00a0\u00bb3&Prime; column_width_percent=\u00a0\u00bb100&Prime; shift_y=\u00a0\u00bb0&Prime; z_index=\u00a0\u00bb0&Prime; uncode_shortcode_id=\u00a0\u00bb202296&Prime;][vc_column width=\u00a0\u00bb1\/1&Prime;][uncode_block id=\u00a0\u00bb1122&Prime;][\/vc_column][\/vc_row][\/vc_section]<\/p>\n<\/div>","protected":false},"excerpt":{"rendered":"<p>[vc_section back_color=\u00a0\u00bbcolor-166663&Prime; overlay_alpha=\u00a0\u00bb50&Prime; uncode_shortcode_id=\u00a0\u00bb204296&Prime; back_color_type=\u00a0\u00bbuncode-palette\u00a0\u00bb][vc_row row_height_percent=\u00a0\u00bb0&Prime; override_padding=\u00a0\u00bbyes\u00a0\u00bb h_padding=\u00a0\u00bb2&Prime; top_padding=\u00a0\u00bb0&Prime; bottom_padding=\u00a0\u00bb2&Prime; overlay_alpha=\u00a0\u00bb50&Prime; gutter_size=\u00a0\u00bb3&Prime; column_width_percent=\u00a0\u00bb100&Prime; shift_y=\u00a0\u00bb0&Prime; z_index=\u00a0\u00bb0&Prime; uncode_shortcode_id=\u00a0\u00bb857604&Prime;][vc_column column_width_use_pixel=\u00a0\u00bbyes\u00a0\u00bb gutter_size=\u00a0\u00bb2&Prime; overlay_alpha=\u00a0\u00bb50&Prime; shift_x=\u00a0\u00bb0&Prime; [&hellip;]<\/p>\n","protected":false},"author":2,"featured_media":0,"parent":0,"menu_order":10,"comment_status":"closed","ping_status":"closed","template":"","meta":{"_seopress_robots_primary_cat":"","_seopress_titles_title":"","_seopress_titles_desc":"","_seopress_robots_index":"","footnotes":""},"class_list":["post-39","page","type-page","status-publish","hentry"],"_links":{"self":[{"href":"https:\/\/confluence-creative.com\/fr\/wp-json\/wp\/v2\/pages\/39","targetHints":{"allow":["GET"]}}],"collection":[{"href":"https:\/\/confluence-creative.com\/fr\/wp-json\/wp\/v2\/pages"}],"about":[{"href":"https:\/\/confluence-creative.com\/fr\/wp-json\/wp\/v2\/types\/page"}],"author":[{"embeddable":true,"href":"https:\/\/confluence-creative.com\/fr\/wp-json\/wp\/v2\/users\/2"}],"replies":[{"embeddable":true,"href":"https:\/\/confluence-creative.com\/fr\/wp-json\/wp\/v2\/comments?post=39"}],"version-history":[{"count":5,"href":"https:\/\/confluence-creative.com\/fr\/wp-json\/wp\/v2\/pages\/39\/revisions"}],"predecessor-version":[{"id":5802,"href":"https:\/\/confluence-creative.com\/fr\/wp-json\/wp\/v2\/pages\/39\/revisions\/5802"}],"wp:attachment":[{"href":"https:\/\/confluence-creative.com\/fr\/wp-json\/wp\/v2\/media?parent=39"}],"curies":[{"name":"wp","href":"https:\/\/api.w.org\/{rel}","templated":true}]}}