{"id":1097,"date":"2022-01-20T09:36:14","date_gmt":"2022-01-20T08:36:14","guid":{"rendered":"https:\/\/confluence-creative.com\/?page_id=1097"},"modified":"2022-03-10T10:17:19","modified_gmt":"2022-03-10T09:17:19","slug":"les-grandes-orientations","status":"publish","type":"page","link":"https:\/\/confluence-creative.com\/fr\/les-grandes-orientations\/","title":{"rendered":"Les grandes orientations"},"content":{"rendered":"<div class=\"wpb-content-wrapper\"><p>[vc_section back_color=\u00a0\u00bbcolor-541562&Prime; overlay_alpha=\u00a0\u00bb50&Prime; uncode_shortcode_id=\u00a0\u00bb190577&Prime; back_color_type=\u00a0\u00bbuncode-palette\u00a0\u00bb][vc_row row_height_percent=\u00a0\u00bb0&Prime; override_padding=\u00a0\u00bbyes\u00a0\u00bb h_padding=\u00a0\u00bb2&Prime; top_padding=\u00a0\u00bb0&Prime; bottom_padding=\u00a0\u00bb0&Prime; overlay_alpha=\u00a0\u00bb50&Prime; gutter_size=\u00a0\u00bb3&Prime; column_width_percent=\u00a0\u00bb100&Prime; shift_y=\u00a0\u00bb0&Prime; z_index=\u00a0\u00bb0&Prime; uncode_shortcode_id=\u00a0\u00bb206632&Prime; shape_dividers=\u00a0\u00bb\u00a0\u00bb css=\u00a0\u00bb.vc_custom_1646903811526{padding-top: 60px !important;padding-bottom: 60px !important;}\u00a0\u00bb][vc_column column_width_percent=\u00a0\u00bb100&Prime; gutter_size=\u00a0\u00bb2&Prime; overlay_alpha=\u00a0\u00bb50&Prime; shift_x=\u00a0\u00bb0&Prime; shift_y=\u00a0\u00bb0&Prime; shift_y_down=\u00a0\u00bb0&Prime; z_index=\u00a0\u00bb0&Prime; medium_width=\u00a0\u00bb0&Prime; mobile_width=\u00a0\u00bb0&Prime; width=\u00a0\u00bb3\/4&Prime; uncode_shortcode_id=\u00a0\u00bb852613&Prime;][vc_custom_heading text_color=\u00a0\u00bbcolor-156510&Prime; heading_semantic=\u00a0\u00bbh1&Prime; text_font=\u00a0\u00bbfont-129579&Prime; text_size=\u00a0\u00bbh1&Prime; uncode_shortcode_id=\u00a0\u00bb893851&Prime; text_color_type=\u00a0\u00bbuncode-palette\u00a0\u00bb]Les grandes orientations du master[\/vc_custom_heading][vc_custom_heading text_color=\u00a0\u00bbcolor-169046&Prime; text_font=\u00a0\u00bbfont-129579&Prime; text_size=\u00a0\u00bbh1&Prime; uncode_shortcode_id=\u00a0\u00bb197795&Prime; text_color_type=\u00a0\u00bbuncode-palette\u00a0\u00bb]Cr\u00e9ative M\u00e9dia[\/vc_custom_heading][\/vc_column][vc_column column_width_percent=\u00a0\u00bb100&Prime; position_vertical=\u00a0\u00bbmiddle\u00a0\u00bb gutter_size=\u00a0\u00bb3&Prime; overlay_alpha=\u00a0\u00bb50&Prime; shift_x=\u00a0\u00bb0&Prime; shift_y=\u00a0\u00bb0&Prime; shift_y_down=\u00a0\u00bb0&Prime; z_index=\u00a0\u00bb0&Prime; medium_width=\u00a0\u00bb0&Prime; mobile_width=\u00a0\u00bb0&Prime; width=\u00a0\u00bb1\/4&Prime; uncode_shortcode_id=\u00a0\u00bb322410&Prime;][vc_single_image media=\u00a0\u00bb1142&Prime; media_width_percent=\u00a0\u00bb100&Prime; uncode_shortcode_id=\u00a0\u00bb163706&Prime;][\/vc_column][\/vc_row][\/vc_section][vc_row row_height_percent=\u00a0\u00bb0&Prime; override_padding=\u00a0\u00bbyes\u00a0\u00bb h_padding=\u00a0\u00bb4&Prime; top_padding=\u00a0\u00bb3&Prime; bottom_padding=\u00a0\u00bb2&Prime; overlay_alpha=\u00a0\u00bb50&Prime; gutter_size=\u00a0\u00bb3&Prime; column_width_percent=\u00a0\u00bb100&Prime; shift_y=\u00a0\u00bb0&Prime; z_index=\u00a0\u00bb0&Prime; uncode_shortcode_id=\u00a0\u00bb184771&Prime;][vc_column width=\u00a0\u00bb1\/1&Prime;][vc_column_text uncode_shortcode_id=\u00a0\u00bb179996&Prime;]Cette formation de niveau Master PRO a \u00e9t\u00e9 con\u00e7ue pour r\u00e9pondre au d\u00e9fi pos\u00e9 par les industries culturelles et cr\u00e9atives en mati\u00e8re d\u2019innovation et d\u2019insertion professionnelle dans la soci\u00e9t\u00e9 digitale du XXI\u00b0si\u00e8cle. Elle constitue une synth\u00e8se originale entre trois grands courants de domaines d\u2019expression artistique : de l\u2019Art num\u00e9rique, les Jeux Vid\u00e9os et de l\u2019Animation 3D, qui int\u00e8grent constamment de nouveaux outils et de nouveaux usages en convergence dans le monde du num\u00e9rique.<\/p>\n<p>Notre master propose d\u2019abord \u00e0 un \u00e9tudiant, entrant en niveau Licence, d\u2019acqu\u00e9rir \u00e0 l\u2019issue de sa formation une ma\u00eetrise op\u00e9rationnelle couvrant l\u2019ensemble du pipeline Creative Media, de la naissance de l\u2019id\u00e9e en phase de conception, \u00e0 la production des contenus avec la pratique des outils (AI, VR, robotics), jusqu\u2019\u00e0 la phase manag\u00e9riale de diffusion du produit (gestion &amp; IP).<\/p>\n<p>Pour cela, nous avons imagin\u00e9 un parcours de formation triple permettant \u00e0 l\u2019\u00e9tudiant d\u2019enrichir ses connaissances du domaine, de gagner en comp\u00e9tences et d\u2019obtenir ainsi les savoir-faire indispensables \u00e0 son insertion professionnelle dans le monde en mutation permanente des m\u00e9dias cr\u00e9atifs. Il sera invit\u00e9 \u00e0 engager tout au long de son parcours un rapport critique \u00e0 la culture et \u00e0 la pens\u00e9e de la technique, \u00e0 consid\u00e9rer les usagers dans leurs interactions complexes avec l\u2019\u00e9cosyst\u00e8me disruptif de la soci\u00e9t\u00e9 digitale. Le master d\u00e9cline trois fili\u00e8res qui apparaissent aujourd\u2019hui compl\u00e9mentaires dans le monde des industries culturelles et cr\u00e9atives : Director, Producer &amp; Architect.[\/vc_column_text][\/vc_column][\/vc_row][vc_row unlock_row_content=\u00a0\u00bbyes\u00a0\u00bb row_height_percent=\u00a0\u00bb0&Prime; override_padding=\u00a0\u00bbyes\u00a0\u00bb h_padding=\u00a0\u00bb0&Prime; top_padding=\u00a0\u00bb2&Prime; bottom_padding=\u00a0\u00bb0&Prime; overlay_alpha=\u00a0\u00bb50&Prime; gutter_size=\u00a0\u00bb3&Prime; column_width_percent=\u00a0\u00bb100&Prime; shift_y=\u00a0\u00bb0&Prime; z_index=\u00a0\u00bb0&Prime; uncode_shortcode_id=\u00a0\u00bb234577&Prime;][vc_column column_width_percent=\u00a0\u00bb100&Prime; position_vertical=\u00a0\u00bbmiddle\u00a0\u00bb gutter_size=\u00a0\u00bb3&Prime; overlay_alpha=\u00a0\u00bb50&Prime; shift_x=\u00a0\u00bb0&Prime; shift_y=\u00a0\u00bb0&Prime; shift_y_down=\u00a0\u00bb0&Prime; z_index=\u00a0\u00bb0&Prime; medium_width=\u00a0\u00bb0&Prime; mobile_width=\u00a0\u00bb0&Prime; width=\u00a0\u00bb1\/2&Prime; uncode_shortcode_id=\u00a0\u00bb537439&Prime;][vc_single_image media=\u00a0\u00bb1307&Prime; media_width_percent=\u00a0\u00bb50&Prime; alignment=\u00a0\u00bbcenter\u00a0\u00bb uncode_shortcode_id=\u00a0\u00bb115986&Prime;][\/vc_column][vc_column column_width_percent=\u00a0\u00bb100&Prime; gutter_size=\u00a0\u00bb3&Prime; back_color=\u00a0\u00bbcolor-156510&Prime; overlay_alpha=\u00a0\u00bb50&Prime; shift_x=\u00a0\u00bb0&Prime; shift_y=\u00a0\u00bb0&Prime; shift_y_down=\u00a0\u00bb0&Prime; z_index=\u00a0\u00bb0&Prime; medium_width=\u00a0\u00bb0&Prime; mobile_width=\u00a0\u00bb0&Prime; width=\u00a0\u00bb1\/2&Prime; uncode_shortcode_id=\u00a0\u00bb113128&Prime; back_color_type=\u00a0\u00bbuncode-palette\u00a0\u00bb][vc_custom_heading text_color=\u00a0\u00bbcolor-xsdn\u00a0\u00bb text_transform=\u00a0\u00bbuppercase\u00a0\u00bb uncode_shortcode_id=\u00a0\u00bb139686&Prime; text_color_type=\u00a0\u00bbuncode-palette\u00a0\u00bb]Sommaire[\/vc_custom_heading][vc_accordion el_class=\u00a0\u00bbaccordeonOrientation\u00a0\u00bb][vc_accordion_tab gutter_size=\u00a0\u00bb2&Prime; column_padding=\u00a0\u00bb2&Prime; title=\u00a0\u00bb1. La prop\u00e9deutique : b\u00e2tir un langage commun\u00a0\u00bb tab_id=\u00a0\u00bb1644233973-1-171644319901142&Prime;][vc_column_text text_color=\u00a0\u00bbcolor-xsdn\u00a0\u00bb uncode_shortcode_id=\u00a0\u00bb199130&Prime; text_color_type=\u00a0\u00bbuncode-palette\u00a0\u00bb]Mise \u00e0 niveau de l\u2019ensemble des \u00e9tudiants des trois fili\u00e8res, qui devront partager une base de connaissances communes d\u00e9livr\u00e9e par six Unit\u00e9s d\u2019Enseignements (UE 1 \u00e0 6) :<\/p>\n<ul>\n<li>UE1- Histoire des m\u00e9dias, \u00e9pist\u00e9mologie des sciences<\/li>\n<li>UE2 &#8211; Mod\u00e8les d&rsquo;interaction<\/li>\n<li>UE3 &#8211; Soci\u00e9t\u00e9 digitale et droit du num\u00e9rique<\/li>\n<li>UE4 &#8211; Management plurim\u00e9dia et cr\u00e9ativit\u00e9<\/li>\n<li>UE5 &#8211; Analyse proc\u00e9durale d\u2019oeuvres<\/li>\n<li>UE6 &#8211; Dispositifs artistiques<\/li>\n<\/ul>\n<p>[\/vc_column_text][\/vc_accordion_tab][vc_accordion_tab gutter_size=\u00a0\u00bb2&Prime; column_padding=\u00a0\u00bb2&Prime; title=\u00a0\u00bb2. Les 3 sp\u00e9cialit\u00e9s ou \u00ab\u00a0Majeurs\u00ab\u00a0\u00a0\u00bb tab_id=\u00a0\u00bb1644233973-2-281644319901142&Prime;][vc_column_text text_color=\u00a0\u00bbcolor-xsdn\u00a0\u00bb uncode_shortcode_id=\u00a0\u00bb536365&Prime; text_color_type=\u00a0\u00bbuncode-palette\u00a0\u00bb]L\u2019\u00e9tudiant d\u00e8s son entr\u00e9e en formation, est amen\u00e9 \u00e0 choisir entre trois parcours, construits chacun autour de 2 unit\u00e9s d\u2019enseignement obligatoires en approfondissement (Majeur) et de 4 unit\u00e9s optionnelles (Mineur).<\/p>\n<p><strong>Major Director : UE1 + UE5<\/strong><\/p>\n<p>UE 1 : Media history, epistemology (art and science) :<\/p>\n<ul>\n<li>M1 Aesthetics and History of Media, Level 1<\/li>\n<li>M2 Aesthetics and History of Media, Level 2<\/li>\n<li>M3 Aesthetics and History of Media, Level 3<\/li>\n<li>M4 Aesthetics and History of Media, Level 4<\/li>\n<\/ul>\n<p>UE 5 : Methodology and procedural analysis :<\/p>\n<ul>\n<li>M1 Aesthetics and History of Media, Level 1<\/li>\n<li>M2 Aesthetics and History of Media, Level 2<\/li>\n<li>M3 Aesthetics and History of Media, Level 3<\/li>\n<li>M4 Aesthetics and History of Media, Level 4<\/li>\n<\/ul>\n<p><strong>Major Producer : UE3 + UE4<\/strong><\/p>\n<p>UE 3 : Digital society and digital law :<\/p>\n<ul>\n<li>M1 Economy &amp; Creativity<\/li>\n<li>M2 Producer essential skills<\/li>\n<li>M3 Intellectual property &amp; copy\/common-rights\/lefts<\/li>\n<li>M4 Contracts in the creative media environnement<\/li>\n<\/ul>\n<p>UE 4 : Multi-media management and creativity :<\/p>\n<ul>\n<li>M1 Strategic planning &amp; Logistics<\/li>\n<li>M2 Market opportunities &amp; process strategies<\/li>\n<li>M3 Project tracking and evaluation<\/li>\n<li>M4 Talent Management<\/li>\n<\/ul>\n<p><strong>Major architect : UE2 + UE6<\/strong><\/p>\n<p>UE 2 : Interaction models :<\/p>\n<ul>\n<li>M1 Design for Games and Interactive media<\/li>\n<li>M2 Innovation devices and interactions<\/li>\n<li>M3 Building &amp; binding<\/li>\n<li>M4 Human-Computer Interaction Research<\/li>\n<\/ul>\n<p>UE 6 : Artistic devices :<\/p>\n<ul>\n<li>M1 Game Development &amp; Computer Graphics<\/li>\n<li>M2 Immersive Framework &amp; Alternative Interfaces<\/li>\n<li>M3 Procedural Thinking Algorithms and Problem Solving Software Design &amp; Architecture<\/li>\n<li>M4 Technical Lead &amp; Technology Intelligence; Deep Learning &amp; Big Data<\/li>\n<\/ul>\n<p>[\/vc_column_text][vc_empty_space empty_h=\u00a0\u00bb2&Prime;][vc_single_image media=\u00a0\u00bb1308&Prime; media_width_percent=\u00a0\u00bb50&Prime; uncode_shortcode_id=\u00a0\u00bb162988&Prime;][vc_empty_space empty_h=\u00a0\u00bb2&Prime;][vc_single_image media=\u00a0\u00bb1309&Prime; media_width_percent=\u00a0\u00bb75&Prime; uncode_shortcode_id=\u00a0\u00bb129531&Prime;][vc_column_text text_lead=\u00a0\u00bbyes\u00a0\u00bb text_color=\u00a0\u00bbcolor-xsdn\u00a0\u00bb uncode_shortcode_id=\u00a0\u00bb364727&Prime; text_color_type=\u00a0\u00bbuncode-palette\u00a0\u00bb]Tableau de comp\u00e9tences types suivant les sp\u00e9cialit\u00e9s[\/vc_column_text][\/vc_accordion_tab][vc_accordion_tab gutter_size=\u00a0\u00bb2&Prime; column_padding=\u00a0\u00bb2&Prime; title=\u00a0\u00bb3. Les activit\u00e9s communes\u00a0\u00bb tab_id=\u00a0\u00bb1644235426237-2-101644319901142&Prime;][vc_column_text text_color=\u00a0\u00bbcolor-xsdn\u00a0\u00bb uncode_shortcode_id=\u00a0\u00bb595653&Prime; text_color_type=\u00a0\u00bbuncode-palette\u00a0\u00bb]<\/p>\n<ul>\n<li><strong>S\u00e9minaire<\/strong> : professionnels invit\u00e9s (artistes, th\u00e9oriciens, ing\u00e9nieurs&#8230;). Th\u00e9matiques propos\u00e9es : innovation sociale et environnement, sant\u00e9 et bien \u00eatre, culture et identit\u00e9.<\/li>\n<li><strong>Projets collectifs<\/strong> : r\u00e9unissant les trois profils dans une r\u00e9alisation pratique (en partenariat avec une entreprise, une institution ou un laboratoire, un incubateur). Sur th\u00e9matiques du s\u00e9minaire.<\/li>\n<li><strong>Cours transversal<\/strong> : sur th\u00e9matique (archive, patrimoine culturel, innovation et \u00e9thique, l\u2019artiste comme anthropologue&#8230;)<\/li>\n<\/ul>\n<p>[\/vc_column_text][\/vc_accordion_tab][vc_accordion_tab gutter_size=\u00a0\u00bb2&Prime; column_padding=\u00a0\u00bb2&Prime; title=\u00a0\u00bb4. Le stage\u00a0\u00bb tab_id=\u00a0\u00bb1644235442829-3-101644319901142&Prime;][vc_column_text text_color=\u00a0\u00bbcolor-xsdn\u00a0\u00bb uncode_shortcode_id=\u00a0\u00bb914813&Prime; text_color_type=\u00a0\u00bbuncode-palette\u00a0\u00bb]Organis\u00e9 en coop\u00e9ration avec une institution culturelle, le tissu industriel ou de recherche (en lien avec l\u2019incubateur &#8211; voir composante) :<\/p>\n<ul>\n<li>Entreprises du domaine des ICC et hors ICC<\/li>\n<li>Institutions : mus\u00e9e, centre d\u2019art et de culture, patrimoine, \u00e9ducation<\/li>\n<li>Laboratoires de recherche, priv\u00e9s et publics<\/li>\n<\/ul>\n<p>[\/vc_column_text][\/vc_accordion_tab][vc_accordion_tab gutter_size=\u00a0\u00bb2&Prime; column_padding=\u00a0\u00bb2&Prime; title=\u00a0\u00bb5. Le m\u00e9moire\u00a0\u00bb tab_id=\u00a0\u00bb1644235454654-4-31644319901142&Prime;][vc_column_text text_color=\u00a0\u00bbcolor-xsdn\u00a0\u00bb uncode_shortcode_id=\u00a0\u00bb114699&Prime; text_color_type=\u00a0\u00bbuncode-palette\u00a0\u00bb]<\/p>\n<ul>\n<li><strong>Cours et suivi<\/strong> : initiation \u00e0 la recherche, m\u00e9thodologie du m\u00e9moire, participation au s\u00e9minaire, \u00e9criture d\u2019un m\u00e9moire personnel.<\/li>\n<li><strong>Objectif<\/strong> : acqu\u00e9rir un recul conceptuel sur les process de travail engag\u00e9s pendant la formation (notamment au moment du projet) &#8211; d\u00e9finition d\u2019un objet de recherche.<\/li>\n<li><strong>\u00c9valuation<\/strong> : soutenance, d\u00e9monstration d\u2019une capacit\u00e9 de r\u00e9flexion critique (critical thinking)<\/li>\n<\/ul>\n<p>[\/vc_column_text][\/vc_accordion_tab][\/vc_accordion][vc_row_inner row_inner_height_percent=\u00a0\u00bb0&Prime; overlay_alpha=\u00a0\u00bb50&Prime; gutter_size=\u00a0\u00bb3&Prime; shift_y=\u00a0\u00bb0&Prime; z_index=\u00a0\u00bb0&Prime; uncode_shortcode_id=\u00a0\u00bb138056&Prime;][vc_column_inner column_width_percent=\u00a0\u00bb100&Prime; gutter_size=\u00a0\u00bb2&Prime; override_padding=\u00a0\u00bbyes\u00a0\u00bb column_padding=\u00a0\u00bb1&Prime; overlay_alpha=\u00a0\u00bb50&Prime; shift_x=\u00a0\u00bb0&Prime; shift_y=\u00a0\u00bb0&Prime; shift_y_down=\u00a0\u00bb0&Prime; z_index=\u00a0\u00bb0&Prime; medium_width=\u00a0\u00bb0&Prime; mobile_width=\u00a0\u00bb0&Prime; width=\u00a0\u00bb1\/1&Prime; uncode_shortcode_id=\u00a0\u00bb175967&Prime;][vc_column_text text_color=\u00a0\u00bbcolor-xsdn\u00a0\u00bb uncode_shortcode_id=\u00a0\u00bb113758&Prime; text_color_type=\u00a0\u00bbuncode-palette\u00a0\u00bb]T\u00e9l\u00e9charger le rapport complet en format pdf :\u00a0 \u00a0 FR\u00a0 <a href=\"https:\/\/confluence-creative.com\/wp-content\/uploads\/2022\/02\/MAQUETTESLIDE_A4-FR.pdf\" target=\"_blank\" rel=\"noopener\"><img decoding=\"async\" class=\"wp-image-5111 alignnone\" src=\"https:\/\/confluence-creative.com\/wp-content\/uploads\/2022\/02\/telecharger-document-fr-300x200.jpg\" alt=\"\" width=\"32\" height=\"21\" srcset=\"https:\/\/confluence-creative.com\/wp-content\/uploads\/2022\/02\/telecharger-document-fr-300x200.jpg 300w, https:\/\/confluence-creative.com\/wp-content\/uploads\/2022\/02\/telecharger-document-fr.jpg 425w\" sizes=\"(max-width: 32px) 100vw, 32px\" \/><\/a>\u00a0 \u00a0\/\u00a0 \u00a0EN\u00a0 <a href=\"https:\/\/confluence-creative.com\/wp-content\/uploads\/2022\/02\/MAQUETTESLIDE_A4-EN.pdf\" target=\"_blank\" rel=\"noopener\"><img decoding=\"async\" class=\"alignnone wp-image-5114\" src=\"https:\/\/confluence-creative.com\/wp-content\/uploads\/2022\/02\/telecharger-document-en-300x180.png\" alt=\"\" width=\"37\" height=\"22\" srcset=\"https:\/\/confluence-creative.com\/wp-content\/uploads\/2022\/02\/telecharger-document-en-300x180.png 300w, https:\/\/confluence-creative.com\/wp-content\/uploads\/2022\/02\/telecharger-document-en-1024x614.png 1024w, https:\/\/confluence-creative.com\/wp-content\/uploads\/2022\/02\/telecharger-document-en-768x461.png 768w, https:\/\/confluence-creative.com\/wp-content\/uploads\/2022\/02\/telecharger-document-en.png 1200w\" sizes=\"(max-width: 37px) 100vw, 37px\" \/><\/a>[\/vc_column_text][\/vc_column_inner][\/vc_row_inner][vc_row_inner row_inner_height_percent=\u00a0\u00bb0&Prime; overlay_alpha=\u00a0\u00bb50&Prime; gutter_size=\u00a0\u00bb3&Prime; shift_y=\u00a0\u00bb0&Prime; z_index=\u00a0\u00bb0&Prime; desktop_visibility=\u00a0\u00bbyes\u00a0\u00bb medium_visibility=\u00a0\u00bbyes\u00a0\u00bb mobile_visibility=\u00a0\u00bbyes\u00a0\u00bb uncode_shortcode_id=\u00a0\u00bb165189&Prime;][vc_column_inner column_width_use_pixel=\u00a0\u00bbyes\u00a0\u00bb gutter_size=\u00a0\u00bb2&Prime; override_padding=\u00a0\u00bbyes\u00a0\u00bb column_padding=\u00a0\u00bb1&Prime; overlay_alpha=\u00a0\u00bb50&Prime; shift_x=\u00a0\u00bb0&Prime; shift_y=\u00a0\u00bb0&Prime; shift_y_down=\u00a0\u00bb0&Prime; z_index=\u00a0\u00bb0&Prime; desktop_visibility=\u00a0\u00bbyes\u00a0\u00bb medium_visibility=\u00a0\u00bbyes\u00a0\u00bb medium_width=\u00a0\u00bb0&Prime; mobile_visibility=\u00a0\u00bbyes\u00a0\u00bb mobile_width=\u00a0\u00bb0&Prime; width=\u00a0\u00bb1\/1&Prime; uncode_shortcode_id=\u00a0\u00bb588698&Prime; column_width_pixel=\u00a0\u00bb500px\u00a0\u00bb][vc_column_text uncode_shortcode_id=\u00a0\u00bb766841&Prime;][wpdm_package id=&rsquo;5132&prime;][\/vc_column_text][vc_column_text uncode_shortcode_id=\u00a0\u00bb207903&Prime;][wpdm_package id=&rsquo;5145&prime;][\/vc_column_text][\/vc_column_inner][\/vc_row_inner][\/vc_column][\/vc_row]<\/p>\n<\/div>","protected":false},"excerpt":{"rendered":"<p>[vc_section back_color=\u00a0\u00bbcolor-541562&Prime; overlay_alpha=\u00a0\u00bb50&Prime; uncode_shortcode_id=\u00a0\u00bb190577&Prime; back_color_type=\u00a0\u00bbuncode-palette\u00a0\u00bb][vc_row row_height_percent=\u00a0\u00bb0&Prime; override_padding=\u00a0\u00bbyes\u00a0\u00bb h_padding=\u00a0\u00bb2&Prime; top_padding=\u00a0\u00bb0&Prime; bottom_padding=\u00a0\u00bb0&Prime; overlay_alpha=\u00a0\u00bb50&Prime; gutter_size=\u00a0\u00bb3&Prime; column_width_percent=\u00a0\u00bb100&Prime; shift_y=\u00a0\u00bb0&Prime; z_index=\u00a0\u00bb0&Prime; uncode_shortcode_id=\u00a0\u00bb206632&Prime; shape_dividers=\u00a0\u00bb\u00a0\u00bb css=\u00a0\u00bb.vc_custom_1646903811526{padding-top: 60px !important;padding-bottom: [&hellip;]<\/p>\n","protected":false},"author":2,"featured_media":0,"parent":0,"menu_order":0,"comment_status":"closed","ping_status":"closed","template":"","meta":{"_seopress_robots_primary_cat":"","_seopress_titles_title":"","_seopress_titles_desc":"","_seopress_robots_index":"","footnotes":""},"class_list":["post-1097","page","type-page","status-publish","hentry"],"_links":{"self":[{"href":"https:\/\/confluence-creative.com\/fr\/wp-json\/wp\/v2\/pages\/1097","targetHints":{"allow":["GET"]}}],"collection":[{"href":"https:\/\/confluence-creative.com\/fr\/wp-json\/wp\/v2\/pages"}],"about":[{"href":"https:\/\/confluence-creative.com\/fr\/wp-json\/wp\/v2\/types\/page"}],"author":[{"embeddable":true,"href":"https:\/\/confluence-creative.com\/fr\/wp-json\/wp\/v2\/users\/2"}],"replies":[{"embeddable":true,"href":"https:\/\/confluence-creative.com\/fr\/wp-json\/wp\/v2\/comments?post=1097"}],"version-history":[{"count":5,"href":"https:\/\/confluence-creative.com\/fr\/wp-json\/wp\/v2\/pages\/1097\/revisions"}],"predecessor-version":[{"id":5566,"href":"https:\/\/confluence-creative.com\/fr\/wp-json\/wp\/v2\/pages\/1097\/revisions\/5566"}],"wp:attachment":[{"href":"https:\/\/confluence-creative.com\/fr\/wp-json\/wp\/v2\/media?parent=1097"}],"curies":[{"name":"wp","href":"https:\/\/api.w.org\/{rel}","templated":true}]}}