{"id":1094,"date":"2022-01-20T09:36:00","date_gmt":"2022-01-20T08:36:00","guid":{"rendered":"https:\/\/confluence-creative.com\/?page_id=1094"},"modified":"2022-03-10T10:24:08","modified_gmt":"2022-03-10T09:24:08","slug":"la-synthese","status":"publish","type":"page","link":"https:\/\/confluence-creative.com\/fr\/la-synthese\/","title":{"rendered":"La synth\u00e8se"},"content":{"rendered":"<div class=\"wpb-content-wrapper\"><p>[vc_section back_color=\u00a0\u00bbcolor-541562&Prime; overlay_alpha=\u00a0\u00bb50&Prime; uncode_shortcode_id=\u00a0\u00bb190577&Prime; back_color_type=\u00a0\u00bbuncode-palette\u00a0\u00bb][vc_row row_height_percent=\u00a0\u00bb0&Prime; override_padding=\u00a0\u00bbyes\u00a0\u00bb h_padding=\u00a0\u00bb2&Prime; top_padding=\u00a0\u00bb0&Prime; bottom_padding=\u00a0\u00bb0&Prime; overlay_alpha=\u00a0\u00bb50&Prime; gutter_size=\u00a0\u00bb3&Prime; column_width_percent=\u00a0\u00bb100&Prime; shift_y=\u00a0\u00bb0&Prime; z_index=\u00a0\u00bb0&Prime; uncode_shortcode_id=\u00a0\u00bb151625&Prime; css=\u00a0\u00bb.vc_custom_1646904139173{padding-top: 60px !important;padding-bottom: 60px !important;}\u00a0\u00bb shape_dividers=\u00a0\u00bb\u00a0\u00bb][vc_column column_width_percent=\u00a0\u00bb100&Prime; gutter_size=\u00a0\u00bb2&Prime; overlay_alpha=\u00a0\u00bb50&Prime; shift_x=\u00a0\u00bb0&Prime; shift_y=\u00a0\u00bb0&Prime; shift_y_down=\u00a0\u00bb0&Prime; z_index=\u00a0\u00bb0&Prime; medium_width=\u00a0\u00bb0&Prime; mobile_width=\u00a0\u00bb0&Prime; width=\u00a0\u00bb3\/4&Prime; uncode_shortcode_id=\u00a0\u00bb852613&Prime;][vc_custom_heading text_color=\u00a0\u00bbcolor-156510&Prime; heading_semantic=\u00a0\u00bbh1&Prime; text_font=\u00a0\u00bbfont-129579&Prime; text_size=\u00a0\u00bbh1&Prime; uncode_shortcode_id=\u00a0\u00bb370519&Prime; text_color_type=\u00a0\u00bbuncode-palette\u00a0\u00bb]\u00c9tude de faisabilit\u00e9 du master[\/vc_custom_heading][vc_custom_heading text_color=\u00a0\u00bbcolor-169046&Prime; text_font=\u00a0\u00bbfont-129579&Prime; text_size=\u00a0\u00bbh1&Prime; uncode_shortcode_id=\u00a0\u00bb201181&Prime; text_color_type=\u00a0\u00bbuncode-palette\u00a0\u00bb]Cr\u00e9ative M\u00e9dia[\/vc_custom_heading][\/vc_column][vc_column column_width_percent=\u00a0\u00bb100&Prime; position_vertical=\u00a0\u00bbmiddle\u00a0\u00bb gutter_size=\u00a0\u00bb3&Prime; overlay_alpha=\u00a0\u00bb50&Prime; shift_x=\u00a0\u00bb0&Prime; shift_y=\u00a0\u00bb0&Prime; shift_y_down=\u00a0\u00bb0&Prime; z_index=\u00a0\u00bb0&Prime; medium_width=\u00a0\u00bb0&Prime; mobile_width=\u00a0\u00bb0&Prime; width=\u00a0\u00bb1\/4&Prime; uncode_shortcode_id=\u00a0\u00bb322410&Prime;][vc_single_image media=\u00a0\u00bb1142&Prime; media_width_percent=\u00a0\u00bb100&Prime; uncode_shortcode_id=\u00a0\u00bb163706&Prime;][\/vc_column][\/vc_row][\/vc_section][vc_row row_height_percent=\u00a0\u00bb0&Prime; override_padding=\u00a0\u00bbyes\u00a0\u00bb h_padding=\u00a0\u00bb4&Prime; top_padding=\u00a0\u00bb3&Prime; bottom_padding=\u00a0\u00bb2&Prime; overlay_alpha=\u00a0\u00bb50&Prime; gutter_size=\u00a0\u00bb3&Prime; column_width_percent=\u00a0\u00bb100&Prime; shift_y=\u00a0\u00bb0&Prime; z_index=\u00a0\u00bb0&Prime; uncode_shortcode_id=\u00a0\u00bb184771&Prime;][vc_column width=\u00a0\u00bb1\/1&Prime;][vc_column_text uncode_shortcode_id=\u00a0\u00bb202336&Prime;]Le Master Creative Media est une opportunit\u00e9 pour le P\u00f4le Image d\u2019Angoul\u00eame et le territoire de Zapopan de se positionner \u00e0 l\u2019avant-garde des formations actuelles sur les m\u00e9tiers de la cr\u00e9ation num\u00e9rique. L\u2019\u00e9laboration des contenus p\u00e9dagogiques qui devront l\u2019animer a mis en \u00e9vidence la capacit\u00e9 de la TEC de Monterrey et des trois \u00e9tablissements angoumoisins de formation \u00e0 l\u2019Image \u2013 l\u2019EESI, l\u2019ENJMIN et l\u2019EMCA \u2013 d\u2019\u0153uvrer ensemble \u00e0 la d\u00e9finition d\u2019un programme original et ambitieux susceptible de devenir une r\u00e9f\u00e9rence en Europe et en Am\u00e9rique latine.<\/p>\n<p>Avec une approche de la culture digitale \u00e0 base d\u2019humanit\u00e9s et un haut niveau de ma\u00eetrise des technologies contemporaines, le Master Creative Media ambitionne de former les jeunes qui aspirent \u00e0 la cr\u00e9ation artistique ou \u00e0 travailler dans les industries culturelles en \u00e9veillant leur cr\u00e9ativit\u00e9 tout en d\u00e9veloppant un sens \u00e9thique dans leur rapport \u00e0 la technique, \u00e0 l\u2019environnement et au public auquel sera destin\u00e9e leur production.[\/vc_column_text][\/vc_column][\/vc_row][vc_row unlock_row_content=\u00a0\u00bbyes\u00a0\u00bb row_height_percent=\u00a0\u00bb0&Prime; override_padding=\u00a0\u00bbyes\u00a0\u00bb h_padding=\u00a0\u00bb0&Prime; top_padding=\u00a0\u00bb2&Prime; bottom_padding=\u00a0\u00bb0&Prime; overlay_alpha=\u00a0\u00bb50&Prime; gutter_size=\u00a0\u00bb0&Prime; column_width_percent=\u00a0\u00bb100&Prime; shift_y=\u00a0\u00bb0&Prime; z_index=\u00a0\u00bb0&Prime; uncode_shortcode_id=\u00a0\u00bb435770&Prime;][vc_column column_width_percent=\u00a0\u00bb100&Prime; position_vertical=\u00a0\u00bbmiddle\u00a0\u00bb gutter_size=\u00a0\u00bb3&Prime; overlay_alpha=\u00a0\u00bb50&Prime; shift_x=\u00a0\u00bb0&Prime; shift_y=\u00a0\u00bb0&Prime; shift_y_down=\u00a0\u00bb0&Prime; z_index=\u00a0\u00bb0&Prime; medium_width=\u00a0\u00bb0&Prime; mobile_width=\u00a0\u00bb0&Prime; width=\u00a0\u00bb1\/2&Prime; uncode_shortcode_id=\u00a0\u00bb408362&Prime;][vc_single_image media=\u00a0\u00bb5180&Prime; media_width_percent=\u00a0\u00bb100&Prime; alignment=\u00a0\u00bbcenter\u00a0\u00bb uncode_shortcode_id=\u00a0\u00bb169423&Prime;][\/vc_column][vc_column column_width_percent=\u00a0\u00bb100&Prime; gutter_size=\u00a0\u00bb3&Prime; back_color=\u00a0\u00bbcolor-156510&Prime; overlay_alpha=\u00a0\u00bb50&Prime; shift_x=\u00a0\u00bb0&Prime; shift_y=\u00a0\u00bb0&Prime; shift_y_down=\u00a0\u00bb0&Prime; z_index=\u00a0\u00bb0&Prime; medium_width=\u00a0\u00bb0&Prime; mobile_width=\u00a0\u00bb0&Prime; width=\u00a0\u00bb1\/2&Prime; uncode_shortcode_id=\u00a0\u00bb113128&Prime; back_color_type=\u00a0\u00bbuncode-palette\u00a0\u00bb][vc_custom_heading text_color=\u00a0\u00bbcolor-xsdn\u00a0\u00bb text_transform=\u00a0\u00bbuppercase\u00a0\u00bb uncode_shortcode_id=\u00a0\u00bb139686&Prime; text_color_type=\u00a0\u00bbuncode-palette\u00a0\u00bb]Sommaire[\/vc_custom_heading][vc_accordion][vc_accordion_tab gutter_size=\u00a0\u00bb2&Prime; column_padding=\u00a0\u00bb2&Prime; title=\u00a0\u00bb1. Contexte\u00a0\u00bb tab_id=\u00a0\u00bb1644245980-1-10&Prime;][vc_column_text text_color=\u00a0\u00bbcolor-xsdn\u00a0\u00bb uncode_shortcode_id=\u00a0\u00bb726166&Prime; text_color_type=\u00a0\u00bbuncode-palette\u00a0\u00bb]GrandAngoul\u00eame et Zapopan coop\u00e8rent depuis 2012 pour la mise en \u0153uvre d\u2019actions communes portant sur les \u00ab industries culturelles et cr\u00e9atives \u00bb, et plus particuli\u00e8rement sur la formation de talents d\u00e9di\u00e9e \u00e0 la cr\u00e9ation de l\u2019image et \u00e0 ses technologies, le d\u00e9veloppement \u00e9conomique et le soutien aux jeunes entreprises cr\u00e9atives, ainsi qu\u2019au d\u00e9veloppement culturel et l\u2019accueil d\u2019une communaut\u00e9 artistique.<\/p>\n<p>Dans le sillage de l\u2019agenda bilat\u00e9ral France-Mexique en 2018, l\u2019ensemble de ces propositions a form\u00e9 le projet intitul\u00e9 \u00ab Confluence cr\u00e9ative \u00bb. Le Master Arts num\u00e9riques \u00ab Creative Media \u00bb est la 1\u00e8re composante de \u00ab Confluence cr\u00e9ative \u00bb, les deux autres \u00e9tant un soutien g\u00e9n\u00e9raliste \u00e0 l\u2019entrepreneuriat conduit par la Technopole EUREKATECH et le P\u00f4le Image Magelis (GrandAngoul\u00eame), et l\u2019ouverture d\u2019un lieu de r\u00e9sidence d\u00e9di\u00e9 aux auteurs \u00e0 Zapopan inspir\u00e9 par \u00ab La Maison des Auteurs \u00bb (Cit\u00e9 Internationale de la Bande Dessin\u00e9e et de l\u2019Image, CIBDI &#8211; GrandAngoul\u00eame).[\/vc_column_text][\/vc_accordion_tab][vc_accordion_tab gutter_size=\u00a0\u00bb2&Prime; column_padding=\u00a0\u00bb2&Prime; title=\u00a0\u00bb2. M\u00e9thodologie\u00a0\u00bb tab_id=\u00a0\u00bb1644245980-2-29&Prime;][vc_column_text text_color=\u00a0\u00bbcolor-xsdn\u00a0\u00bb uncode_shortcode_id=\u00a0\u00bb147798&Prime; text_color_type=\u00a0\u00bbuncode-palette\u00a0\u00bb]Afin d\u2019\u00e9valuer l\u2019opportunit\u00e9 de la mise en place d\u2019un Master \u00ab Creative Media \u00bb nous devons prendre en compte :<\/p>\n<ol>\n<li>L\u2019environnement acad\u00e9mique et \u00e9conomique de Zapopan et du GrandAngoul\u00eame.<\/li>\n<li>la proposition p\u00e9dagogique du Master, son appariement au contexte local et international, et sa pertinence prospective.<\/li>\n<li>la disponibilit\u00e9 des ressources a) humaines, b) technologiques et c) financi\u00e8res \u00e0 sa r\u00e9alisation.<\/li>\n<li>les progr\u00e8s accomplis par les partenaires dans la formalisation du projet.<\/li>\n<\/ol>\n<p>Nous aborderons en d\u00e9tail l\u2019ensemble de ces points l\u2019exclusion du 1\u00b0 (environnement acad\u00e9mique) et du 3\u00b0 (ressources financi\u00e8res, humaines et technologiques) qui ne seront discut\u00e9s que bri\u00e8vement ; le premier \u00e9tant d\u00e9j\u00e0 largement argument\u00e9 dans le Dossier de financement FICOL-AFD, le second n\u2019\u00e9tant pas du ressort de la pr\u00e9sente phase du projet.<\/p>\n<p>Un int\u00e9r\u00eat particulier sera accord\u00e9 \u00e0 l\u2019exploitation des r\u00e9ponses des professionnels de la cr\u00e9ation num\u00e9rique interrog\u00e9s. En vue de sonder la pertinence du projet, \u00e0 la fois sur le plan de l\u2019ad\u00e9quation et de sa pertinence prospective, une enqu\u00eate a \u00e9t\u00e9 men\u00e9e aupr\u00e8s de 20 personnalit\u00e9s du monde universitaire, artistique et industriel.<\/p>\n<p>Si ce panel n\u2019a pas vocation \u00e0 \u00eatre repr\u00e9sentatif, le choix des professionnels le composant a \u00e9t\u00e9 dict\u00e9 par leur longue exp\u00e9rience dans leurs domaines respectifs et leur r\u00e9putation d\u2019expertise \u2013 et pour certains d\u2019entre eux reconnue internationalement \u2013 dans le domaine de la cr\u00e9ation num\u00e9rique.[\/vc_column_text][\/vc_accordion_tab][vc_accordion_tab gutter_size=\u00a0\u00bb2&Prime; column_padding=\u00a0\u00bb2&Prime; title=\u00a0\u00bb3. Analyse\u00a0\u00bb tab_id=\u00a0\u00bb1644248624523-2-3&Prime;][vc_column_text text_color=\u00a0\u00bbcolor-xsdn\u00a0\u00bb uncode_shortcode_id=\u00a0\u00bb637558&Prime; text_color_type=\u00a0\u00bbuncode-palette\u00a0\u00bb]A. Contexte universitaire \u00e0 Zapopan.<\/p>\n<p>B. Proposition p\u00e9dagogique : ad\u00e9quation et pertinence (L&rsquo;enqu\u00eate).<br \/>\n&gt; Enqu\u00eate experts<br \/>\n&#8211; Corpus<br \/>\n&#8211; Grille d&rsquo;analyse<br \/>\n&#8211; Analyse des interviews<br \/>\n&#8211; Conclusion interviews<br \/>\n&gt; Programme d&rsquo;\u00e9tudes du Master<\/p>\n<p>C. Disponibilit\u00e9 des ressources.<\/p>\n<p>D. Progression du projet.[\/vc_column_text][\/vc_accordion_tab][vc_accordion_tab gutter_size=\u00a0\u00bb2&Prime; column_padding=\u00a0\u00bb2&Prime; title=\u00a0\u00bb4. Conclusions et perspectives\u00a0\u00bb tab_id=\u00a0\u00bb1644248661817-3-4&Prime;][vc_column_text text_color=\u00a0\u00bbcolor-xsdn\u00a0\u00bb uncode_shortcode_id=\u00a0\u00bb246438&Prime; text_color_type=\u00a0\u00bbuncode-palette\u00a0\u00bb]Il est beaucoup question, dans cette \u00e9tude et au fil des interviews des experts, d\u2019\u00e9volutions technologiques, de projections sur le futur, d\u2019anticipation du changement, etc.<\/p>\n<p>Sp\u00e9culations qui tant\u00f4t peuvent nous inqui\u00e9ter devant l\u2019incertitude qu\u2019elles g\u00e9n\u00e8rent, tant\u00f4t nous r\u00e9jouir des perspectives qu\u2019elles promettent. Souvent, la peur de manquer le prochain virage technologique nous am\u00e8ne \u00e0 surestimer les signes annonciateurs des changements qui se profilent \u00e0 l\u2019horizon.<\/p>\n<p>C\u2019est pourquoi, pour ce rapport, nous ne nous sommes pas content\u00e9s d\u2019un r\u00e9sum\u00e9 des interviews mais avons proc\u00e9d\u00e9 \u00e0 un examen critique des propos tenus, croisant la parole des uns et des autres, soulignant les points d\u2019accord mais aussi les lignes divergentes&#8230;[\/vc_column_text][vc_column_text text_color=\u00a0\u00bbcolor-xsdn\u00a0\u00bb uncode_shortcode_id=\u00a0\u00bb201841&Prime; text_color_type=\u00a0\u00bbuncode-palette\u00a0\u00bb]&gt; La culture g\u00e9n\u00e9rale pour une d\u00e9marche \u00e9thique<\/p>\n<p>&gt; De l&rsquo;exp\u00e9rimentation, de la recherche et des savoir-faire op\u00e9rationnels<\/p>\n<p>&gt; Socle commun et sp\u00e9cialisations<\/p>\n<p>&gt; Du <em>Design thinking<\/em> mais sans religiosit\u00e9<\/p>\n<p>&gt; Formation en entreprise et projets recherche-cr\u00e9ation<\/p>\n<p>&gt; Conditions de faisabilit\u00e9 du Master<\/p>\n<blockquote><p>Une opportunit\u00e9 \u00e0 saisir[\/vc_column_text][\/vc_accordion_tab][\/vc_accordion][vc_row_inner row_inner_height_percent=\u00a0\u00bb0&Prime; overlay_alpha=\u00a0\u00bb50&Prime; gutter_size=\u00a0\u00bb3&Prime; shift_y=\u00a0\u00bb0&Prime; z_index=\u00a0\u00bb0&Prime; uncode_shortcode_id=\u00a0\u00bb138056&Prime;][vc_column_inner column_width_percent=\u00a0\u00bb100&Prime; gutter_size=\u00a0\u00bb2&Prime; override_padding=\u00a0\u00bbyes\u00a0\u00bb column_padding=\u00a0\u00bb1&Prime; overlay_alpha=\u00a0\u00bb50&Prime; shift_x=\u00a0\u00bb0&Prime; shift_y=\u00a0\u00bb0&Prime; shift_y_down=\u00a0\u00bb0&Prime; z_index=\u00a0\u00bb0&Prime; medium_width=\u00a0\u00bb0&Prime; mobile_width=\u00a0\u00bb0&Prime; width=\u00a0\u00bb1\/1&Prime; uncode_shortcode_id=\u00a0\u00bb175967&Prime;][vc_column_text text_color=\u00a0\u00bbcolor-xsdn\u00a0\u00bb uncode_shortcode_id=\u00a0\u00bb628841&Prime; text_color_type=\u00a0\u00bbuncode-palette\u00a0\u00bb]T\u00e9l\u00e9charger l&rsquo;int\u00e9gralit\u00e9 de la synth\u00e8se en format pdf :\u00a0 \u00a0 FR\u00a0 <a href=\"\/wp-content\/uploads\/2022\/02\/Rapport_opportunite_Master_Creative_Media_FR.pdf\" target=\"_blank\" rel=\"noopener\"><img decoding=\"async\" class=\"wp-image-5111 alignnone\" src=\"https:\/\/confluence-creative.com\/wp-content\/uploads\/2022\/02\/telecharger-document-fr-300x200.jpg\" alt=\"\" width=\"32\" height=\"21\" srcset=\"https:\/\/confluence-creative.com\/wp-content\/uploads\/2022\/02\/telecharger-document-fr-300x200.jpg 300w, https:\/\/confluence-creative.com\/wp-content\/uploads\/2022\/02\/telecharger-document-fr.jpg 425w\" sizes=\"(max-width: 32px) 100vw, 32px\" \/><\/a>\u00a0 \u00a0\/\u00a0 \u00a0EN\u00a0 <a href=\"\/wp-content\/uploads\/2022\/02\/Rapport_opportunite_Master_Creative_Media_EN.pdf\" target=\"_blank\" rel=\"noopener\"><img decoding=\"async\" class=\"alignnone wp-image-5114\" src=\"https:\/\/confluence-creative.com\/wp-content\/uploads\/2022\/02\/telecharger-document-en-300x180.png\" alt=\"\" width=\"37\" height=\"22\" srcset=\"https:\/\/confluence-creative.com\/wp-content\/uploads\/2022\/02\/telecharger-document-en-300x180.png 300w, https:\/\/confluence-creative.com\/wp-content\/uploads\/2022\/02\/telecharger-document-en-1024x614.png 1024w, https:\/\/confluence-creative.com\/wp-content\/uploads\/2022\/02\/telecharger-document-en-768x461.png 768w, https:\/\/confluence-creative.com\/wp-content\/uploads\/2022\/02\/telecharger-document-en.png 1200w\" sizes=\"(max-width: 37px) 100vw, 37px\" \/><\/a>[\/vc_column_text][\/vc_column_inner][\/vc_row_inner][vc_row_inner row_inner_height_percent=\u00a0\u00bb0&Prime; overlay_alpha=\u00a0\u00bb50&Prime; gutter_size=\u00a0\u00bb3&Prime; shift_y=\u00a0\u00bb0&Prime; z_index=\u00a0\u00bb0&Prime; desktop_visibility=\u00a0\u00bbyes\u00a0\u00bb medium_visibility=\u00a0\u00bbyes\u00a0\u00bb mobile_visibility=\u00a0\u00bbyes\u00a0\u00bb uncode_shortcode_id=\u00a0\u00bb245574&Prime;][vc_column_inner column_width_use_pixel=\u00a0\u00bbyes\u00a0\u00bb gutter_size=\u00a0\u00bb2&Prime; override_padding=\u00a0\u00bbyes\u00a0\u00bb column_padding=\u00a0\u00bb1&Prime; overlay_alpha=\u00a0\u00bb50&Prime; shift_x=\u00a0\u00bb0&Prime; shift_y=\u00a0\u00bb0&Prime; shift_y_down=\u00a0\u00bb0&Prime; z_index=\u00a0\u00bb0&Prime; desktop_visibility=\u00a0\u00bbyes\u00a0\u00bb medium_visibility=\u00a0\u00bbyes\u00a0\u00bb medium_width=\u00a0\u00bb0&Prime; mobile_visibility=\u00a0\u00bbyes\u00a0\u00bb mobile_width=\u00a0\u00bb0&Prime; width=\u00a0\u00bb1\/1&Prime; uncode_shortcode_id=\u00a0\u00bb170153&Prime; column_width_pixel=\u00a0\u00bb680px\u00a0\u00bb][vc_column_text uncode_shortcode_id=\u00a0\u00bb162098&Prime;][wpdm_package id=&rsquo;5158&prime;][\/vc_column_text][vc_column_text uncode_shortcode_id=\u00a0\u00bb574854&Prime;][wpdm_package id=&rsquo;5157&prime;][\/vc_column_text][\/vc_column_inner][\/vc_row_inner][\/vc_column][\/vc_row][vc_row][vc_column][vc_column_text]<\/p><\/blockquote>\n<p>[\/vc_column_text][\/vc_column][\/vc_row]<\/p>\n<\/div>","protected":false},"excerpt":{"rendered":"<p>[vc_section back_color=\u00a0\u00bbcolor-541562&Prime; overlay_alpha=\u00a0\u00bb50&Prime; uncode_shortcode_id=\u00a0\u00bb190577&Prime; back_color_type=\u00a0\u00bbuncode-palette\u00a0\u00bb][vc_row row_height_percent=\u00a0\u00bb0&Prime; override_padding=\u00a0\u00bbyes\u00a0\u00bb h_padding=\u00a0\u00bb2&Prime; top_padding=\u00a0\u00bb0&Prime; bottom_padding=\u00a0\u00bb0&Prime; overlay_alpha=\u00a0\u00bb50&Prime; gutter_size=\u00a0\u00bb3&Prime; column_width_percent=\u00a0\u00bb100&Prime; shift_y=\u00a0\u00bb0&Prime; z_index=\u00a0\u00bb0&Prime; uncode_shortcode_id=\u00a0\u00bb151625&Prime; css=\u00a0\u00bb.vc_custom_1646904139173{padding-top: 60px !important;padding-bottom: 60px [&hellip;]<\/p>\n","protected":false},"author":2,"featured_media":0,"parent":0,"menu_order":0,"comment_status":"closed","ping_status":"closed","template":"","meta":{"_seopress_robots_primary_cat":"","_seopress_titles_title":"","_seopress_titles_desc":"","_seopress_robots_index":"","footnotes":""},"class_list":["post-1094","page","type-page","status-publish","hentry"],"_links":{"self":[{"href":"https:\/\/confluence-creative.com\/fr\/wp-json\/wp\/v2\/pages\/1094","targetHints":{"allow":["GET"]}}],"collection":[{"href":"https:\/\/confluence-creative.com\/fr\/wp-json\/wp\/v2\/pages"}],"about":[{"href":"https:\/\/confluence-creative.com\/fr\/wp-json\/wp\/v2\/types\/page"}],"author":[{"embeddable":true,"href":"https:\/\/confluence-creative.com\/fr\/wp-json\/wp\/v2\/users\/2"}],"replies":[{"embeddable":true,"href":"https:\/\/confluence-creative.com\/fr\/wp-json\/wp\/v2\/comments?post=1094"}],"version-history":[{"count":5,"href":"https:\/\/confluence-creative.com\/fr\/wp-json\/wp\/v2\/pages\/1094\/revisions"}],"predecessor-version":[{"id":5579,"href":"https:\/\/confluence-creative.com\/fr\/wp-json\/wp\/v2\/pages\/1094\/revisions\/5579"}],"wp:attachment":[{"href":"https:\/\/confluence-creative.com\/fr\/wp-json\/wp\/v2\/media?parent=1094"}],"curies":[{"name":"wp","href":"https:\/\/api.w.org\/{rel}","templated":true}]}}