{"id":2989,"date":"2021-09-02T16:03:22","date_gmt":"2021-09-02T14:03:22","guid":{"rendered":"https:\/\/confluence-creative.com\/politica-de-confidencialidad\/"},"modified":"2022-02-15T12:56:54","modified_gmt":"2022-02-15T11:56:54","slug":"politica-de-confidencialidad","status":"publish","type":"page","link":"https:\/\/confluence-creative.com\/es\/politica-de-confidencialidad\/","title":{"rendered":"pol\u00edtica de confidencialidad"},"content":{"rendered":"<div class=\"wpb-content-wrapper\"><p>[vc_row][vc_column width=\u00bb1\/1&#8243;][vc_custom_heading text_color=\u00bbcolor-166385&#8243; heading_semantic=\u00bbh1&#8243; text_size=\u00bbh1&#8243; text_transform=\u00bbuppercase\u00bb uncode_shortcode_id=\u00bb152410&#8243; text_color_type=\u00bbuncode-palette\u00bb]pol\u00edtica de confidencialidad[\/vc_custom_heading][\/vc_column][\/vc_row][vc_row][vc_column width=\u00bb1\/1&#8243;][vc_column_text uncode_shortcode_id=\u00bb157186&#8243;]<\/p>\n<h2>LA SOCIEDAD<\/h2>\n<p>Confluencia creativa<\/p>\n<p><span class=\"s1\">134 calle de Burdeos<br \/>\n16000  <\/span><span class=\"s1\">ANGULEMA<br \/>\nTel\u00e9fono. +33 (0)5 45 92 66 02<br \/>\n<\/span><span class=\"s1\">Sitio web: <a href=\"\/\"><span class=\"s2\">confluence-creative.com<\/span><\/a><\/span>[\/vc_column_text][vc_column_text uncode_shortcode_id=\u00bb531008&#8243;]<\/p>\n<h2>REALIZACI\u00d3N<\/h2>\n<p>Sitio creado por la agencia web Idealcoms<br \/>\nIdealcoms sarl \u2013 SIRET 42252307600038<br \/>\n9 boulevard de Bretagne, 16000 Angulema<br \/>\n05 45 90 97 95<br \/>\n<a style=\"color: #1d4155;\" href=\"https:\/\/www.idealcoms.net\/\" target=\"_blank\" rel=\"noopener noreferrer\">www.idealcoms.net<\/a><\/p>\n<h2>ALOJAMIENTO<\/h2>\n<p>Infomaniak<br \/>\nOficina central: Avenue de la Praille 26, 1227 Ginebra, SUIZA<br \/>\n<a style=\"color: #1d4155;\" href=\"http:\/\/www.infomaniak.com\" target=\"_blank\" rel=\"noopener\">www.infomaniak.com<\/a><\/p>\n<h2>CONTENIDO DEL SITIO WEB<\/h2>\n<p>El sitio web <a style=\"color: #1d4155;\" href=\"\/\">confluence-creative.com<\/a> es propiedad de la red Confluence Cr\u00e9ative.<br \/>\nLos servicios presentados est\u00e1n destinados a ser utilizados de acuerdo con las condiciones contractuales.<br \/>\nConfluence Cr\u00e9ative se reserva el derecho de modificar el contenido de sus p\u00e1ginas web en cualquier momento, sin previo aviso.<\/p>\n<h2>DERECHOS DE AUTOR Y REPRODUCCI\u00d3N<\/h2>\n<p>Todo este sitio est\u00e1 sujeto a la legislaci\u00f3n francesa e internacional sobre derechos de autor y propiedad intelectual.<br \/>\nCualquier reproducci\u00f3n total o parcial est\u00e1 estrictamente prohibida sin la autorizaci\u00f3n expresa y previa de la empresa Idealcoms (art\u00edculo L335-2 del C\u00f3digo de Propiedad Intelectual). El acceso a nuestro sitio le da derecho al uso privado y no exclusivo de su contenido. Todos los logotipos, im\u00e1genes y marcas presentes en las p\u00e1ginas son propiedad de sus respectivos due\u00f1os.<\/p>\n<h2>DATOS PERSONALES<\/h2>\n<p>El sitio web <a style=\"color: #1d4155;\" href=\"\/\">confluence-creative.com<\/a> es propiedad de la red Confluence Cr\u00e9ative. Presenta a los visitantes y clientes que navegan por el Sitio (los Usuarios) una cierta cantidad de informaci\u00f3n relacionada con el estudio establecido para un M\u00e1ster en Creaci\u00f3n Digital de Confluence Cr\u00e9ative.<br \/>\nEl Usuario ya acepta que la informaci\u00f3n contenida en el sitio sea para uso personal y no comercial.<\/p>\n<p>Nos comprometemos con ustedes, visitantes y clientes de nuestro sitio, a garantizar la confidencialidad de la informaci\u00f3n personal que nos proporcionen.<br \/>\nDe conformidad con la normativa francesa y europea y de conformidad con la Ley de Protecci\u00f3n de Datos del 6 de enero de 1978, tiene derecho a acceder, rectificar, portabilidad, modificar y suprimir los datos que le conciernen. Puede ejercer este derecho envi\u00e1ndonos una carta a la siguiente direcci\u00f3n.<\/p>\n<h3>Intercambio y divulgaci\u00f3n de datos<\/h3>\n<p>Confluence Cr\u00e9ative es el \u00fanico destinatario de los datos recopilados.<br \/>\nConfluence Cr\u00e9ative solo transmite sus datos personales a un tercero:<br \/>\n&#8211; cuando nos haya dado su consentimiento previo para compartir esta informaci\u00f3n;<br \/>\n&#8211; cuando Confluence Cr\u00e9ative deba compartir esta informaci\u00f3n con sus socios y proveedores de servicios, en particular proveedores de servicios t\u00e9cnicos, para brindarle el servicio que ha solicitado (por ejemplo, enviar el bolet\u00edn informativo);<br \/>\n&#8211; cuando Confluence Cr\u00e9ative reciba una solicitud de una autoridad judicial o cualquier autoridad administrativa autorizada por la ley solicitando la comunicaci\u00f3n de esta informaci\u00f3n de conformidad con las disposiciones legislativas vigentes.<\/p>\n<p>Confluence Cr\u00e9ative implementa reglas de seguridad para garantizar la confidencialidad y seguridad de los datos personales recopilados durante su transmisi\u00f3n a las personas antes mencionadas.<\/p>\n<h3>Medidas de seguridad<\/h3>\n<p>Confluence Cr\u00e9ative hace todo lo posible para proteger sus datos personales contra da\u00f1o, p\u00e9rdida, apropiaci\u00f3n indebida, intrusi\u00f3n, divulgaci\u00f3n, alteraci\u00f3n o destrucci\u00f3n.<\/p>\n<p>Asimismo, los empleados de Confluence Cr\u00e9ative que, por raz\u00f3n de su cargo, tuvieran acceso a sus datos personales se comprometen a mantener la m\u00e1xima confidencialidad al respecto.<\/p>\n<p>Sin embargo, no controlamos los riesgos relacionados con el funcionamiento de Internet. Llamamos su atenci\u00f3n sobre la existencia de posibles riesgos en t\u00e9rminos de p\u00e9rdida ocasional de datos o violaci\u00f3n de la confidencialidad de los datos que pasan por esta red. La informaci\u00f3n ofrecida en nuestro sitio puede ser interrumpida por casos de fuerza mayor o fuera del control de Confluence Cr\u00e9ative o hechos que no est\u00e1n bajo la responsabilidad de Confluence Cr\u00e9ative.<\/p>\n<h2>ENLACES DE HIPERTEXTO<\/h2>\n<p>Cualquier creaci\u00f3n de un enlace de hipertexto que apunte al sitio <a style=\"color: #1d4155;\" href=\"\/\">confluence-creative.com<\/a> es gratuita. La existencia de un enlace de hipertexto desde el sitio <a style=\"color: #1d4155;\" href=\"\/\">confluence-creative.com<\/a> a otro sitio no constituye la validaci\u00f3n de este sitio o su contenido, Confluence Cr\u00e9ative no puede ejercer control sobre el contenido de estos sitios y no se hace responsable de la informaci\u00f3n, opiniones y recomendaciones hechas por estos terceros.<\/p>\n<h2>MODIFICACI\u00d3N DE AVISOS LEGALES Y POL\u00cdTICA DE PRIVACIDAD<\/h2>\n<p>Confluence Cr\u00e9ative le informa que los Avisos Legales pueden sufrir modificaciones en cualquier momento. Estas modificaciones se publican al publicarlas en l\u00ednea y se consideran aceptadas sin reservas cuando accede al Sitio despu\u00e9s de su publicaci\u00f3n en l\u00ednea. Le recomendamos que consulte peri\u00f3dicamente esta p\u00e1gina, fecha de su \u00faltima actualizaci\u00f3n: <strong>20\/01\/2022<\/strong> .<\/p>\n<h2>CR\u00c9DITOS<\/h2>\n<h3>Fotos e ilustraciones<\/h3>\n<p>EESI.[\/vc_column_text][\/vc_column][\/vc_row]<\/p>\n<\/div>","protected":false},"excerpt":{"rendered":"<p>[vc_row][vc_column width=\u00bb1\/1&#8243;][vc_custom_heading text_color=\u00bbcolor-166385&#8243; heading_semantic=\u00bbh1&#8243; text_size=\u00bbh1&#8243; text_transform=\u00bbuppercase\u00bb uncode_shortcode_id=\u00bb152410&#8243; text_color_type=\u00bbuncode-palette\u00bb]pol\u00edtica de confidencialidad[\/vc_custom_heading][\/vc_column][\/vc_row][vc_row][vc_column width=\u00bb1\/1&#8243;][vc_column_text uncode_shortcode_id=\u00bb157186&#8243;] LA SOCIEDAD Confluencia creativa 134 calle de Burdeos [&hellip;]<\/p>\n","protected":false},"author":2,"featured_media":0,"parent":0,"menu_order":10,"comment_status":"closed","ping_status":"closed","template":"","meta":{"_seopress_robots_primary_cat":"","_seopress_titles_title":"","_seopress_titles_desc":"","_seopress_robots_index":"","footnotes":""},"class_list":["post-2989","page","type-page","status-publish","hentry"],"_links":{"self":[{"href":"https:\/\/confluence-creative.com\/es\/wp-json\/wp\/v2\/pages\/2989","targetHints":{"allow":["GET"]}}],"collection":[{"href":"https:\/\/confluence-creative.com\/es\/wp-json\/wp\/v2\/pages"}],"about":[{"href":"https:\/\/confluence-creative.com\/es\/wp-json\/wp\/v2\/types\/page"}],"author":[{"embeddable":true,"href":"https:\/\/confluence-creative.com\/es\/wp-json\/wp\/v2\/users\/2"}],"replies":[{"embeddable":true,"href":"https:\/\/confluence-creative.com\/es\/wp-json\/wp\/v2\/comments?post=2989"}],"version-history":[{"count":1,"href":"https:\/\/confluence-creative.com\/es\/wp-json\/wp\/v2\/pages\/2989\/revisions"}],"predecessor-version":[{"id":2990,"href":"https:\/\/confluence-creative.com\/es\/wp-json\/wp\/v2\/pages\/2989\/revisions\/2990"}],"wp:attachment":[{"href":"https:\/\/confluence-creative.com\/es\/wp-json\/wp\/v2\/media?parent=2989"}],"curies":[{"name":"wp","href":"https:\/\/api.w.org\/{rel}","templated":true}]}}