{"id":2930,"date":"2022-01-20T09:36:14","date_gmt":"2022-01-20T08:36:14","guid":{"rendered":"https:\/\/confluence-creative.com\/las-direcciones-principales\/"},"modified":"2022-03-10T10:18:45","modified_gmt":"2022-03-10T09:18:45","slug":"las-direcciones-principales","status":"publish","type":"page","link":"https:\/\/confluence-creative.com\/es\/las-direcciones-principales\/","title":{"rendered":"Las direcciones principales"},"content":{"rendered":"<div class=\"wpb-content-wrapper\"><p>[vc_section back_color=\u00bbcolor-541562&#8243; overlay_alpha=\u00bb50&#8243; uncode_shortcode_id=\u00bb190577&#8243; back_color_type=\u00bbuncode-palette\u00bb][vc_row row_height_percent=\u00bb0&#8243; override_padding=\u00bbyes\u00bb h_padding=\u00bb2&#8243; top_padding=\u00bb0&#8243; bottom_padding=\u00bb0&#8243; overlay_alpha=\u00bb50&#8243; gutter_size=\u00bb3&#8243; column_width_percent=\u00bb100&#8243; shift_y=\u00bb0&#8243; z_index=\u00bb0&#8243; uncode_shortcode_id=\u00bb123712&#8243; css=\u00bb.vc_custom_1646903921102{padding-top: 60px !important;padding-bottom: 60px !important;}\u00bb shape_dividers=\u00bb\u00bb][vc_column column_width_percent=\u00bb100&#8243; gutter_size=\u00bb2&#8243; overlay_alpha=\u00bb50&#8243; shift_x=\u00bb0&#8243; shift_y=\u00bb0&#8243; shift_y_down=\u00bb0&#8243; z_index=\u00bb0&#8243; medium_width=\u00bb0&#8243; mobile_width=\u00bb0&#8243; width=\u00bb3\/4&#8243; uncode_shortcode_id=\u00bb852613&#8243;][vc_custom_heading text_color=\u00bbcolor-156510&#8243; heading_semantic=\u00bbh1&#8243; text_font=\u00bbfont-129579&#8243; text_size=\u00bbh1&#8243; uncode_shortcode_id=\u00bb153217&#8243; text_color_type=\u00bbuncode-palette\u00bb]Las principales orientaciones del m\u00e1ster[\/vc_custom_heading][vc_custom_heading text_color=\u00bbcolor-169046&#8243; text_font=\u00bbfont-129579&#8243; text_size=\u00bbh1&#8243; uncode_shortcode_id=\u00bb697445&#8243; text_color_type=\u00bbuncode-palette\u00bb]Medios creativos[\/vc_custom_heading][\/vc_column][vc_column column_width_percent=\u00bb100&#8243; position_vertical=\u00bbmiddle\u00bb gutter_size=\u00bb3&#8243; overlay_alpha=\u00bb50&#8243; shift_x=\u00bb0&#8243; shift_y=\u00bb0&#8243; shift_y_down=\u00bb0&#8243; z_index=\u00bb0&#8243; medium_width=\u00bb0&#8243; mobile_width=\u00bb0&#8243; width=\u00bb1\/4&#8243; uncode_shortcode_id=\u00bb322410&#8243;][vc_single_image media=\u00bb1142&#8243; media_width_percent=\u00bb100&#8243; uncode_shortcode_id=\u00bb163706&#8243;][\/vc_column][\/vc_row][\/vc_section][vc_row row_height_percent=\u00bb0&#8243; override_padding=\u00bbyes\u00bb h_padding=\u00bb4&#8243; top_padding=\u00bb3&#8243; bottom_padding=\u00bb2&#8243; overlay_alpha=\u00bb50&#8243; gutter_size=\u00bb3&#8243; column_width_percent=\u00bb100&#8243; shift_y=\u00bb0&#8243; z_index=\u00bb0&#8243; uncode_shortcode_id=\u00bb184771&#8243;][vc_column width=\u00bb1\/1&#8243;][vc_column_text uncode_shortcode_id=\u00bb674203&#8243;]Esta formaci\u00f3n de nivel Master PRO ha sido dise\u00f1ada para afrontar el reto que plantean las industrias culturales y creativas en t\u00e9rminos de innovaci\u00f3n e integraci\u00f3n profesional en la sociedad digital del siglo XXI. Constituye una s\u00edntesis original entre tres corrientes principales de campos de expresi\u00f3n art\u00edstica: Arte Digital, Videojuegos y Animaci\u00f3n 3D, que integran constantemente nuevas herramientas y nuevos usos en convergencia en el mundo digital.<\/p>\n<p>Nuestro m\u00e1ster ofrece primero a un estudiante, que ingresa al nivel de Licencia, adquirir al final de su formaci\u00f3n un dominio operativo que cubre todo el flujo de Creative Media, desde el nacimiento de la idea en la fase de dise\u00f1o, hasta la producci\u00f3n de contenido con la pr\u00e1ctica de herramientas (IA, VR, rob\u00f3tica), hasta la fase gerencial de distribuci\u00f3n de productos (gesti\u00f3n &amp; IP).<\/p>\n<p>Para ello, hemos imaginado un triple curso de formaci\u00f3n que permita al alumno enriquecer sus conocimientos en el campo, ganar habilidades y as\u00ed obtener el saber hacer imprescindible para su integraci\u00f3n profesional en el mundo en constante cambio de los medios creativos. A lo largo de su carrera, ser\u00e1n invitados a entablar una relaci\u00f3n cr\u00edtica con la cultura y el pensamiento de la tecnolog\u00eda, para considerar a los usuarios en sus complejas interacciones con el ecosistema disruptivo de la sociedad digital. El m\u00e1ster ofrece tres corrientes que hoy parecen ser complementarias en el mundo de las industrias culturales y creativas: Director, Productor y Arquitecto.[\/vc_column_text][\/vc_column][\/vc_row][vc_row unlock_row_content=\u00bbyes\u00bb row_height_percent=\u00bb0&#8243; override_padding=\u00bbyes\u00bb h_padding=\u00bb0&#8243; top_padding=\u00bb2&#8243; bottom_padding=\u00bb0&#8243; overlay_alpha=\u00bb50&#8243; gutter_size=\u00bb3&#8243; column_width_percent=\u00bb100&#8243; shift_y=\u00bb0&#8243; z_index=\u00bb0&#8243; uncode_shortcode_id=\u00bb234577&#8243;][vc_column column_width_percent=\u00bb100&#8243; position_vertical=\u00bbmiddle\u00bb gutter_size=\u00bb3&#8243; overlay_alpha=\u00bb50&#8243; shift_x=\u00bb0&#8243; shift_y=\u00bb0&#8243; shift_y_down=\u00bb0&#8243; z_index=\u00bb0&#8243; medium_width=\u00bb0&#8243; mobile_width=\u00bb0&#8243; width=\u00bb1\/2&#8243; uncode_shortcode_id=\u00bb537439&#8243;][vc_single_image media=\u00bb1307&#8243; media_width_percent=\u00bb50&#8243; alignment=\u00bbcenter\u00bb uncode_shortcode_id=\u00bb115986&#8243;][\/vc_column][vc_column column_width_percent=\u00bb100&#8243; gutter_size=\u00bb3&#8243; back_color=\u00bbcolor-156510&#8243; overlay_alpha=\u00bb50&#8243; shift_x=\u00bb0&#8243; shift_y=\u00bb0&#8243; shift_y_down=\u00bb0&#8243; z_index=\u00bb0&#8243; medium_width=\u00bb0&#8243; mobile_width=\u00bb0&#8243; width=\u00bb1\/2&#8243; uncode_shortcode_id=\u00bb113128&#8243; back_color_type=\u00bbuncode-palette\u00bb][vc_custom_heading text_color=\u00bbcolor-xsdn\u00bb text_transform=\u00bbuppercase\u00bb uncode_shortcode_id=\u00bb139686&#8243; text_color_type=\u00bbuncode-palette\u00bb]Resumen[\/vc_custom_heading][vc_accordion el_class=\u00bbaccordeonOrientation\u00bb][vc_accordion_tab gutter_size=\u00bb2&#8243; column_padding=\u00bb2&#8243; title=\u00bb1. La proped\u00e9utica: construyendo un lenguaje com\u00fan\u00bb tab_id=\u00bb1644233973-1-171644319901142&#8243;][vc_column_text text_color=\u00bbcolor-xsdn\u00bb uncode_shortcode_id=\u00bb199130&#8243; text_color_type=\u00bbuncode-palette\u00bb]Superaci\u00f3n de todos los alumnos de los tres cursos, que deber\u00e1n compartir una base de conocimientos com\u00fan impartida por seis Unidades Docentes (UE 1 a 6):<\/p>\n<ul>\n<li>UE1- Historia de los medios, epistemolog\u00eda de la ciencia<\/li>\n<li>UE2 &#8211; Modelos de interacci\u00f3n<\/li>\n<li>UE3 &#8211; Sociedad digital y derecho digital<\/li>\n<li>UE4 &#8211; Gesti\u00f3n multimedia y creatividad<\/li>\n<li>UE5 &#8211; An\u00e1lisis procesal de obras<\/li>\n<li>UE6 &#8211; Dispositivos art\u00edsticos<\/li>\n<\/ul>\n<p>[\/vc_column_text][\/vc_accordion_tab][vc_accordion_tab gutter_size=\u00bb2&#8243; column_padding=\u00bb2&#8243; title=\u00bb2. Las 3 especialidades o \u00abMajor\u00ab\u00bb tab_id=\u00bb1644233973-2-281644319901142&#8243;][vc_column_text text_color=\u00bbcolor-xsdn\u00bb uncode_shortcode_id=\u00bb536365&#8243; text_color_type=\u00bbuncode-palette\u00bb]El alumno, nada m\u00e1s entrar en la formaci\u00f3n, es llevado a elegir entre tres cursos, cada uno construido en torno a 2 unidades did\u00e1cticas obligatorias de profundizaci\u00f3n (Mayor) y 4 unidades optativas (Menor).<\/p>\n<p><strong>Director Mayor: UE1 + UE5<\/strong><\/p>\n<p>UE 1: Historia de los medios, epistemolog\u00eda (arte y ciencia):<\/p>\n<ul>\n<li>M1 Est\u00e9tica e Historia de los Medios, Nivel 1<\/li>\n<li>M2 Est\u00e9tica e Historia de los Medios, Nivel 2<\/li>\n<li>M3 Est\u00e9tica e Historia de los Medios, Nivel 3<\/li>\n<li>M4 Est\u00e9tica e Historia de los Medios, Nivel 4<\/li>\n<\/ul>\n<p>UE 5: Metodolog\u00eda y an\u00e1lisis procedimental:<\/p>\n<ul>\n<li>M1 Est\u00e9tica e Historia de los Medios, Nivel 1<\/li>\n<li>M2 Est\u00e9tica e Historia de los Medios, Nivel 2<\/li>\n<li>M3 Est\u00e9tica e Historia de los Medios, Nivel 3<\/li>\n<li>M4 Est\u00e9tica e Historia de los Medios, Nivel 4<\/li>\n<\/ul>\n<p><strong>Productor principal: UE3 + UE4<\/strong><\/p>\n<p>Unidad 3: Sociedad digital y derecho digital:<\/p>\n<ul>\n<li>M1 Econom\u00eda y Creatividad<\/li>\n<li>Habilidades esenciales del productor M2<\/li>\n<li>M3 Propiedad intelectual y copia\/derechos comunes\/izquierdas<\/li>\n<li>Contratos M4 en el entorno de los medios creativos<\/li>\n<\/ul>\n<p>UE 4: Gesti\u00f3n multimedia y creatividad:<\/p>\n<ul>\n<li>M1 Planificaci\u00f3n estrat\u00e9gica y log\u00edstica<\/li>\n<li>M2 Oportunidades de mercado y estrategias de proceso<\/li>\n<li>M3 Seguimiento y evaluaci\u00f3n de proyectos<\/li>\n<li>Gesti\u00f3n del talento M4<\/li>\n<\/ul>\n<p><strong>Arquitecto mayor: UE2 + UE6<\/strong><\/p>\n<p>UE 2: Modelos de interacci\u00f3n:<\/p>\n<ul>\n<li>Dise\u00f1o M1 para juegos y medios interactivos<\/li>\n<li>Dispositivos e interacciones M2 Innovation<\/li>\n<li>Construcci\u00f3n y encuadernaci\u00f3n M3<\/li>\n<li>Investigaci\u00f3n de interacci\u00f3n humano-computadora M4<\/li>\n<\/ul>\n<p>Unidad 6: Dispositivos art\u00edsticos:<\/p>\n<ul>\n<li>M1 Desarrollo de juegos y gr\u00e1ficos por computadora<\/li>\n<li>Marco inmersivo M2 e interfaces alternativas<\/li>\n<li>M3 Algoritmos de pensamiento procedimental y dise\u00f1o y arquitectura de software de resoluci\u00f3n de problemas<\/li>\n<li>M4 L\u00edder t\u00e9cnico e inteligencia tecnol\u00f3gica; Aprendizaje profundo y grandes datos<\/li>\n<\/ul>\n<p>[\/vc_column_text][vc_empty_space empty_h=\u00bb2&#8243;][vc_single_image media=\u00bb1308&#8243; media_width_percent=\u00bb50&#8243; uncode_shortcode_id=\u00bb162988&#8243;][vc_empty_space empty_h=\u00bb2&#8243;][vc_single_image media=\u00bb1309&#8243; media_width_percent=\u00bb75&#8243; uncode_shortcode_id=\u00bb129531&#8243;][vc_column_text text_lead=\u00bbyes\u00bb text_color=\u00bbcolor-xsdn\u00bb uncode_shortcode_id=\u00bb364727&#8243; text_color_type=\u00bbuncode-palette\u00bb]Tabla de habilidades t\u00edpicas seg\u00fan las especialidades[\/vc_column_text][\/vc_accordion_tab][vc_accordion_tab gutter_size=\u00bb2&#8243; column_padding=\u00bb2&#8243; title=\u00bb3. Actividades conjuntas\u00bb tab_id=\u00bb1644235426237-2-101644319901142&#8243;][vc_column_text text_color=\u00bbcolor-xsdn\u00bb uncode_shortcode_id=\u00bb595653&#8243; text_color_type=\u00bbuncode-palette\u00bb]<\/p>\n<ul>\n<li><strong>Seminario<\/strong> : profesionales invitados (artistas, te\u00f3ricos, ingenieros&#8230;). Temas propuestos: innovaci\u00f3n social y medio ambiente, salud y bienestar, cultura e identidad.<\/li>\n<li><strong>Proyectos colectivos<\/strong> : reunir los tres perfiles en una realizaci\u00f3n pr\u00e1ctica (en colaboraci\u00f3n con una empresa, una instituci\u00f3n o un laboratorio, una incubadora). Sobre los temas del seminario.<\/li>\n<li><strong>Curso transversal<\/strong> : sobre tem\u00e1ticas (archivo, patrimonio cultural, innovaci\u00f3n y \u00e9tica, el artista como antrop\u00f3logo&#8230;)<\/li>\n<\/ul>\n<p>[\/vc_column_text][\/vc_accordion_tab][vc_accordion_tab gutter_size=\u00bb2&#8243; column_padding=\u00bb2&#8243; title=\u00bb4. La pasant\u00eda\u00bb tab_id=\u00bb1644235442829-3-101644319901142&#8243;][vc_column_text text_color=\u00bbcolor-xsdn\u00bb uncode_shortcode_id=\u00bb914813&#8243; text_color_type=\u00bbuncode-palette\u00bb]Organizado en cooperaci\u00f3n con una instituci\u00f3n cultural, el tejido industrial o de investigaci\u00f3n (en relaci\u00f3n con la incubadora &#8211; ver componente):<\/p>\n<ul>\n<li>Empresas en el \u00e1mbito de las ICC y fuera de las ICC<\/li>\n<li>Instituciones: museo, centro de arte y cultura, patrimonio, educaci\u00f3n<\/li>\n<li>Laboratorios de investigaci\u00f3n, privados y p\u00fablicos.<\/li>\n<\/ul>\n<p>[\/vc_column_text][\/vc_accordion_tab][vc_accordion_tab gutter_size=\u00bb2&#8243; column_padding=\u00bb2&#8243; title=\u00bb5. Las memorias\u00bb tab_id=\u00bb1644235454654-4-31644319901142&#8243;][vc_column_text text_color=\u00bbcolor-xsdn\u00bb uncode_shortcode_id=\u00bb114699&#8243; text_color_type=\u00bbuncode-palette\u00bb]<\/p>\n<ul>\n<li><strong>Curso y seguimiento<\/strong> : iniciaci\u00f3n a la investigaci\u00f3n, metodolog\u00eda de tesis, participaci\u00f3n en el seminario, redacci\u00f3n de una disertaci\u00f3n personal.<\/li>\n<li><strong>Objetivo<\/strong> : adquirir una perspectiva conceptual sobre los procesos de trabajo emprendidos durante la formaci\u00f3n (en particular en el momento del proyecto) &#8211; definici\u00f3n de un objeto de investigaci\u00f3n.<\/li>\n<li><strong>Evaluaci\u00f3n<\/strong> : defensa, demostraci\u00f3n de habilidades de pensamiento cr\u00edtico.<\/li>\n<\/ul>\n<p>[\/vc_column_text][\/vc_accordion_tab][\/vc_accordion][vc_row_inner row_inner_height_percent=\u00bb0&#8243; overlay_alpha=\u00bb50&#8243; gutter_size=\u00bb3&#8243; shift_y=\u00bb0&#8243; z_index=\u00bb0&#8243; uncode_shortcode_id=\u00bb138056&#8243;][vc_column_inner column_width_percent=\u00bb100&#8243; gutter_size=\u00bb2&#8243; override_padding=\u00bbyes\u00bb column_padding=\u00bb1&#8243; overlay_alpha=\u00bb50&#8243; shift_x=\u00bb0&#8243; shift_y=\u00bb0&#8243; shift_y_down=\u00bb0&#8243; z_index=\u00bb0&#8243; medium_width=\u00bb0&#8243; mobile_width=\u00bb0&#8243; width=\u00bb1\/1&#8243; uncode_shortcode_id=\u00bb175967&#8243;][vc_column_text text_color=\u00bbcolor-xsdn\u00bb uncode_shortcode_id=\u00bb817694&#8243; text_color_type=\u00bbuncode-palette\u00bb]Descargue el informe completo en formato pdf :\u00a0 \u00a0 FR\u00a0 <a href=\"https:\/\/confluence-creative.com\/wp-content\/uploads\/2022\/02\/MAQUETTESLIDE_A4-FR.pdf\" target=\"_blank\" rel=\"noopener\"><img decoding=\"async\" class=\"wp-image-5113 alignnone\" src=\"https:\/\/confluence-creative.com\/wp-content\/uploads\/2022\/02\/telecharger-document-fr-300x200.jpg\" alt=\"\" width=\"32\" height=\"21\" srcset=\"https:\/\/confluence-creative.com\/wp-content\/uploads\/2022\/02\/telecharger-document-fr-300x200.jpg 300w, https:\/\/confluence-creative.com\/wp-content\/uploads\/2022\/02\/telecharger-document-fr.jpg 425w\" sizes=\"(max-width: 32px) 100vw, 32px\" \/><\/a>\u00a0 \u00a0\/\u00a0 \u00a0EN\u00a0 <a href=\"https:\/\/confluence-creative.com\/wp-content\/uploads\/2022\/02\/MAQUETTESLIDE_A4-EN.pdf\" target=\"_blank\" rel=\"noopener\"><img decoding=\"async\" class=\"alignnone wp-image-5116\" src=\"https:\/\/confluence-creative.com\/wp-content\/uploads\/2022\/02\/telecharger-document-en-300x180.png\" alt=\"\" width=\"37\" height=\"22\" srcset=\"https:\/\/confluence-creative.com\/wp-content\/uploads\/2022\/02\/telecharger-document-en-300x180.png 300w, https:\/\/confluence-creative.com\/wp-content\/uploads\/2022\/02\/telecharger-document-en-1024x614.png 1024w, https:\/\/confluence-creative.com\/wp-content\/uploads\/2022\/02\/telecharger-document-en-768x461.png 768w, https:\/\/confluence-creative.com\/wp-content\/uploads\/2022\/02\/telecharger-document-en.png 1200w\" sizes=\"(max-width: 37px) 100vw, 37px\" \/><\/a>[\/vc_column_text][\/vc_column_inner][\/vc_row_inner][vc_row_inner row_inner_height_percent=\u00bb0&#8243; overlay_alpha=\u00bb50&#8243; gutter_size=\u00bb3&#8243; shift_y=\u00bb0&#8243; z_index=\u00bb0&#8243; desktop_visibility=\u00bbyes\u00bb medium_visibility=\u00bbyes\u00bb mobile_visibility=\u00bbyes\u00bb uncode_shortcode_id=\u00bb183566&#8243;][vc_column_inner column_width_use_pixel=\u00bbyes\u00bb gutter_size=\u00bb2&#8243; override_padding=\u00bbyes\u00bb column_padding=\u00bb1&#8243; overlay_alpha=\u00bb50&#8243; shift_x=\u00bb0&#8243; shift_y=\u00bb0&#8243; shift_y_down=\u00bb0&#8243; z_index=\u00bb0&#8243; desktop_visibility=\u00bbyes\u00bb medium_visibility=\u00bbyes\u00bb medium_width=\u00bb0&#8243; mobile_visibility=\u00bbyes\u00bb mobile_width=\u00bb0&#8243; width=\u00bb1\/1&#8243; uncode_shortcode_id=\u00bb191180&#8243; column_width_pixel=\u00bb500px\u00bb][vc_column_text uncode_shortcode_id=\u00bb766841&#8243;][wpdm_package id=&#8217;5132&#8242;][\/vc_column_text][vc_column_text uncode_shortcode_id=\u00bb207903&#8243;][wpdm_package id=&#8217;5145&#8242;][\/vc_column_text][\/vc_column_inner][\/vc_row_inner][\/vc_column][\/vc_row]<\/p>\n<\/div>","protected":false},"excerpt":{"rendered":"<p>[vc_section back_color=\u00bbcolor-541562&#8243; overlay_alpha=\u00bb50&#8243; uncode_shortcode_id=\u00bb190577&#8243; back_color_type=\u00bbuncode-palette\u00bb][vc_row row_height_percent=\u00bb0&#8243; override_padding=\u00bbyes\u00bb h_padding=\u00bb2&#8243; top_padding=\u00bb0&#8243; bottom_padding=\u00bb0&#8243; overlay_alpha=\u00bb50&#8243; gutter_size=\u00bb3&#8243; column_width_percent=\u00bb100&#8243; shift_y=\u00bb0&#8243; z_index=\u00bb0&#8243; uncode_shortcode_id=\u00bb123712&#8243; css=\u00bb.vc_custom_1646903921102{padding-top: 60px !important;padding-bottom: 60px [&hellip;]<\/p>\n","protected":false},"author":2,"featured_media":0,"parent":0,"menu_order":0,"comment_status":"closed","ping_status":"closed","template":"","meta":{"_seopress_robots_primary_cat":"","_seopress_titles_title":"","_seopress_titles_desc":"","_seopress_robots_index":"","footnotes":""},"class_list":["post-2930","page","type-page","status-publish","hentry"],"_links":{"self":[{"href":"https:\/\/confluence-creative.com\/es\/wp-json\/wp\/v2\/pages\/2930","targetHints":{"allow":["GET"]}}],"collection":[{"href":"https:\/\/confluence-creative.com\/es\/wp-json\/wp\/v2\/pages"}],"about":[{"href":"https:\/\/confluence-creative.com\/es\/wp-json\/wp\/v2\/types\/page"}],"author":[{"embeddable":true,"href":"https:\/\/confluence-creative.com\/es\/wp-json\/wp\/v2\/users\/2"}],"replies":[{"embeddable":true,"href":"https:\/\/confluence-creative.com\/es\/wp-json\/wp\/v2\/comments?post=2930"}],"version-history":[{"count":5,"href":"https:\/\/confluence-creative.com\/es\/wp-json\/wp\/v2\/pages\/2930\/revisions"}],"predecessor-version":[{"id":5568,"href":"https:\/\/confluence-creative.com\/es\/wp-json\/wp\/v2\/pages\/2930\/revisions\/5568"}],"wp:attachment":[{"href":"https:\/\/confluence-creative.com\/es\/wp-json\/wp\/v2\/media?parent=2930"}],"curies":[{"name":"wp","href":"https:\/\/api.w.org\/{rel}","templated":true}]}}