{"id":2881,"date":"2022-01-20T09:36:00","date_gmt":"2022-01-20T08:36:00","guid":{"rendered":"https:\/\/confluence-creative.com\/la-sintesis\/"},"modified":"2022-03-10T10:26:37","modified_gmt":"2022-03-10T09:26:37","slug":"la-sintesis","status":"publish","type":"page","link":"https:\/\/confluence-creative.com\/es\/la-sintesis\/","title":{"rendered":"La s\u00edntesis"},"content":{"rendered":"<div class=\"wpb-content-wrapper\"><p>[vc_section back_color=\u00bbcolor-541562&#8243; overlay_alpha=\u00bb50&#8243; uncode_shortcode_id=\u00bb190577&#8243; back_color_type=\u00bbuncode-palette\u00bb][vc_row row_height_percent=\u00bb0&#8243; override_padding=\u00bbyes\u00bb h_padding=\u00bb2&#8243; top_padding=\u00bb0&#8243; bottom_padding=\u00bb0&#8243; overlay_alpha=\u00bb50&#8243; gutter_size=\u00bb3&#8243; column_width_percent=\u00bb100&#8243; shift_y=\u00bb0&#8243; z_index=\u00bb0&#8243; uncode_shortcode_id=\u00bb191294&#8243; css=\u00bb.vc_custom_1646904387950{padding-top: 60px !important;padding-bottom: 60px !important;}\u00bb shape_dividers=\u00bb\u00bb][vc_column column_width_percent=\u00bb100&#8243; gutter_size=\u00bb2&#8243; overlay_alpha=\u00bb50&#8243; shift_x=\u00bb0&#8243; shift_y=\u00bb0&#8243; shift_y_down=\u00bb0&#8243; z_index=\u00bb0&#8243; medium_width=\u00bb0&#8243; mobile_width=\u00bb0&#8243; width=\u00bb3\/4&#8243; uncode_shortcode_id=\u00bb852613&#8243;][vc_custom_heading text_color=\u00bbcolor-156510&#8243; heading_semantic=\u00bbh1&#8243; text_font=\u00bbfont-129579&#8243; text_size=\u00bbh1&#8243; uncode_shortcode_id=\u00bb102240&#8243; text_color_type=\u00bbuncode-palette\u00bb]Estudio maestro de viabilidad[\/vc_custom_heading][vc_custom_heading text_color=\u00bbcolor-169046&#8243; text_font=\u00bbfont-129579&#8243; text_size=\u00bbh1&#8243; uncode_shortcode_id=\u00bb369494&#8243; text_color_type=\u00bbuncode-palette\u00bb]Medios Creativos[\/vc_custom_heading][\/vc_column][vc_column column_width_percent=\u00bb100&#8243; position_vertical=\u00bbmiddle\u00bb gutter_size=\u00bb3&#8243; overlay_alpha=\u00bb50&#8243; shift_x=\u00bb0&#8243; shift_y=\u00bb0&#8243; shift_y_down=\u00bb0&#8243; z_index=\u00bb0&#8243; medium_width=\u00bb0&#8243; mobile_width=\u00bb0&#8243; width=\u00bb1\/4&#8243; uncode_shortcode_id=\u00bb322410&#8243;][vc_single_image media=\u00bb1142&#8243; media_width_percent=\u00bb100&#8243; uncode_shortcode_id=\u00bb163706&#8243;][\/vc_column][\/vc_row][\/vc_section][vc_row row_height_percent=\u00bb0&#8243; override_padding=\u00bbyes\u00bb h_padding=\u00bb4&#8243; top_padding=\u00bb3&#8243; bottom_padding=\u00bb2&#8243; overlay_alpha=\u00bb50&#8243; gutter_size=\u00bb3&#8243; column_width_percent=\u00bb100&#8243; shift_y=\u00bb0&#8243; z_index=\u00bb0&#8243; uncode_shortcode_id=\u00bb184771&#8243;][vc_column width=\u00bb1\/1&#8243;][vc_column_text uncode_shortcode_id=\u00bb115757&#8243;]El Master Creative Media es una oportunidad para que el P\u00f4le Image d&#8217;Angoul\u00eame y el territorio de Zapopan se posicionen a la vanguardia de la formaci\u00f3n actual en los oficios de creaci\u00f3n digital. La elaboraci\u00f3n de los contenidos educativos que deber\u00e1n animarlo destac\u00f3 la capacidad del TEC de Monterrey y las tres instituciones angoumois de formaci\u00f3n en la Imagen &#8211; la EESI, la ENJMIN y la EMCA &#8211; para trabajar en conjunto en la definici\u00f3n de un programa original y ambicioso programa con posibilidades de convertirse en un referente en Europa y Am\u00e9rica Latina.<\/p>\n<p>Con un enfoque de la cultura digital basado en las humanidades y un alto nivel de dominio de las tecnolog\u00edas contempor\u00e1neas, el Master Creative Media tiene como objetivo formar j\u00f3venes que aspiren a la creaci\u00f3n art\u00edstica o a trabajar en las industrias culturales despertando su creatividad desarrollando un sentido \u00e9tico. en su relaci\u00f3n con la tecnolog\u00eda, el medio ambiente y el p\u00fablico al que se destinar\u00e1 su producci\u00f3n.[\/vc_column_text][\/vc_column][\/vc_row][vc_row unlock_row_content=\u00bbyes\u00bb row_height_percent=\u00bb0&#8243; override_padding=\u00bbyes\u00bb h_padding=\u00bb0&#8243; top_padding=\u00bb2&#8243; bottom_padding=\u00bb0&#8243; overlay_alpha=\u00bb50&#8243; gutter_size=\u00bb0&#8243; column_width_percent=\u00bb100&#8243; shift_y=\u00bb0&#8243; z_index=\u00bb0&#8243; uncode_shortcode_id=\u00bb435770&#8243;][vc_column column_width_percent=\u00bb100&#8243; position_vertical=\u00bbmiddle\u00bb gutter_size=\u00bb3&#8243; overlay_alpha=\u00bb50&#8243; shift_x=\u00bb0&#8243; shift_y=\u00bb0&#8243; shift_y_down=\u00bb0&#8243; z_index=\u00bb0&#8243; medium_width=\u00bb0&#8243; mobile_width=\u00bb0&#8243; width=\u00bb1\/2&#8243; uncode_shortcode_id=\u00bb408362&#8243;][vc_single_image media=\u00bb5180&#8243; media_width_percent=\u00bb100&#8243; alignment=\u00bbcenter\u00bb uncode_shortcode_id=\u00bb169423&#8243;][\/vc_column][vc_column column_width_percent=\u00bb100&#8243; gutter_size=\u00bb3&#8243; back_color=\u00bbcolor-156510&#8243; overlay_alpha=\u00bb50&#8243; shift_x=\u00bb0&#8243; shift_y=\u00bb0&#8243; shift_y_down=\u00bb0&#8243; z_index=\u00bb0&#8243; medium_width=\u00bb0&#8243; mobile_width=\u00bb0&#8243; width=\u00bb1\/2&#8243; uncode_shortcode_id=\u00bb113128&#8243; back_color_type=\u00bbuncode-palette\u00bb][vc_custom_heading text_color=\u00bbcolor-xsdn\u00bb text_transform=\u00bbuppercase\u00bb uncode_shortcode_id=\u00bb213910&#8243; text_color_type=\u00bbuncode-palette\u00bb]Resumen[\/vc_custom_heading][vc_accordion][vc_accordion_tab gutter_size=\u00bb2&#8243; column_padding=\u00bb2&#8243; title=\u00bb1. Antecedentes\u00bb tab_id=\u00bb1644245980-1-10&#8243;][vc_column_text text_color=\u00bbcolor-xsdn\u00bb uncode_shortcode_id=\u00bb726166&#8243; text_color_type=\u00bbuncode-palette\u00bb]GrandAngoul\u00eame y Zapopan cooperan desde 2012 para la implementaci\u00f3n de acciones conjuntas relacionadas con las \u00abindustrias culturales y creativas\u00bb, y m\u00e1s particularmente con la formaci\u00f3n de talentos dedicados a la creaci\u00f3n de la imagen y sus tecnolog\u00edas, el desarrollo econ\u00f3mico y el apoyo a los j\u00f3venes creativos. empresas, as\u00ed como el desarrollo cultural y la acogida de una comunidad art\u00edstica.<\/p>\n<p>A ra\u00edz de la agenda bilateral Francia-M\u00e9xico en 2018, todas estas propuestas conformaron el proyecto denominado \u201cConfluencia Creativa\u201d. El M\u00e1ster de Artes Digitales \u00abCreative Media\u00bb es el primer componente de \u00abCreative Confluence\u00bb, siendo los otros dos el apoyo generalista al emprendimiento liderado por EUREKATECH Technopole y el Magelis Image Center (GrandAngoul\u00eame), y la apertura de un lugar de residencia dedicado a autores en Zapopan inspirados en \u00abLa Casa de los Autores\u00bb (Ciudad Internacional del C\u00f3mic y la Imagen, CIBDI &#8211; GrandAngoul\u00eame).[\/vc_column_text][\/vc_accordion_tab][vc_accordion_tab gutter_size=\u00bb2&#8243; column_padding=\u00bb2&#8243; title=\u00bb2. Metodolog\u00eda\u00bb tab_id=\u00bb1644245980-2-29&#8243;][vc_column_text text_color=\u00bbcolor-xsdn\u00bb uncode_shortcode_id=\u00bb147798&#8243; text_color_type=\u00bbuncode-palette\u00bb]Para valorar la conveniencia de montar un M\u00e1ster en \u201cCreative Media\u201d debemos tener en cuenta:<\/p>\n<ol>\n<li>El entorno acad\u00e9mico y econ\u00f3mico de Zapopan y GrandAngoul\u00eame.<\/li>\n<li>la propuesta educativa del M\u00e1ster, su adecuaci\u00f3n al contexto local e internacional, y su pertinencia prospectiva.<\/li>\n<li>disponibilidad de recursos un humano, b) tecnol\u00f3gico y c) financiera para su realizaci\u00f3n.<\/li>\n<li>los avances de los socios en la formalizaci\u00f3n del proyecto.<\/li>\n<\/ol>\n<p>Discutiremos todos estos puntos en detalle, la exclusi\u00f3n del 1\u00b0 (ambiente acad\u00e9mico) y 3\u00b0 (recursos financieros, humanos y tecnol\u00f3gicos) que solo ser\u00e1n discutidos brevemente; el primero ya ampliamente discutido en el Expediente de Financiamiento FICOL-AFD, no siendo el segundo responsabilidad de la presente fase del proyecto.<\/p>\n<p>Se conceder\u00e1 un inter\u00e9s particular a la explotaci\u00f3n de las respuestas de los profesionales de la creaci\u00f3n digital cuestionados. Para sondear la pertinencia del proyecto, tanto en t\u00e9rminos de adecuaci\u00f3n como de pertinencia prospectiva, se realiz\u00f3 una encuesta entre 20 personalidades del mundo acad\u00e9mico, art\u00edstico e industrial.<\/p>\n<p>Si bien este panel no pretende ser representativo, la elecci\u00f3n de los profesionales que lo integraron estuvo dictada por su larga experiencia en sus respectivos campos y su reputaci\u00f3n de conocimientos \u2013y algunos de ellos reconocidos internacionalmente\u2013 en el campo de la creaci\u00f3n digital.[\/vc_column_text][\/vc_accordion_tab][vc_accordion_tab gutter_size=\u00bb2&#8243; column_padding=\u00bb2&#8243; title=\u00bb3. An\u00e1lisis\u00bb tab_id=\u00bb1644248624523-2-3&#8243;][vc_column_text text_color=\u00bbcolor-xsdn\u00bb uncode_shortcode_id=\u00bb127355&#8243; text_color_type=\u00bbuncode-palette\u00bb]<span style=\"font-family: -apple-system, BlinkMacSystemFont, 'Segoe UI', Roboto, Oxygen-Sans, Ubuntu, Cantarell, 'Helvetica Neue', sans-serif;\">A. C<\/span><span style=\"font-family: -apple-system, BlinkMacSystemFont, 'Segoe UI', Roboto, Oxygen-Sans, Ubuntu, Cantarell, 'Helvetica Neue', sans-serif;\">ontexto universitario en Zapopan.<\/span><\/p>\n<p>B. Propuesta pedag\u00f3gica: adecuaci\u00f3n y pertinencia (La encuesta).<br \/>\n&gt; Encuesta de expertos<br \/>\n&#8211; Corpus<br \/>\n&#8211; Parrilla de an\u00e1lisis<br \/>\n&#8211; An\u00e1lisis de las entrevistas<br \/>\n&#8211; Conclusiones de las entrevistas<br \/>\n&gt; Programa de M\u00e1ster<\/p>\n<p>C. Disponibilidad de recursos.<\/p>\n<p>D. Progreso del proyecto.[\/vc_column_text][\/vc_accordion_tab][vc_accordion_tab gutter_size=\u00bb2&#8243; column_padding=\u00bb2&#8243; title=\u00bb4. Conclusiones y perspectivas\u00bb tab_id=\u00bb1644248661817-3-4&#8243;][vc_column_text text_color=\u00bbcolor-xsdn\u00bb uncode_shortcode_id=\u00bb190745&#8243; text_color_type=\u00bbuncode-palette\u00bb]Se habla mucho, en este estudio ya lo largo de las entrevistas con los expertos, sobre desarrollos tecnol\u00f3gicos, proyecciones para el futuro, anticipaci\u00f3n del cambio, etc.<\/p>\n<p>Especulaciones que a veces pueden preocuparnos por la incertidumbre que generan, a veces nos deleitan con las perspectivas que prometen. A menudo, el miedo a perdernos el pr\u00f3ximo cambio tecnol\u00f3gico nos lleva a sobreestimar las se\u00f1ales reveladoras de cambio que se avecinan en el horizonte.<\/p>\n<p>Es por ello que, para este informe, no nos hemos conformado con un resumen de las entrevistas sino que hemos realizado un examen cr\u00edtico de las intervenciones realizadas, cotejando las palabras de todas y cada una, subrayando los puntos de acuerdo pero tambi\u00e9n los l\u00edneas divergentes.[\/vc_column_text][vc_column_text text_color=\u00bbcolor-xsdn\u00bb uncode_shortcode_id=\u00bb121495&#8243; text_color_type=\u00bbuncode-palette\u00bb]&gt; Cultura general para un enfoque \u00e9tico<\/p>\n<p>&gt; Experimentaci\u00f3n, investigaci\u00f3n y conocimientos operativos<\/p>\n<p>&gt; Base com\u00fan y especialidades<\/p>\n<p>&gt; El\u00a0<em>Design thinking<\/em> pero sin religiosidad<\/p>\n<p>&gt; Formaci\u00f3n en empresas y proyectos de investigaci\u00f3n-creaci\u00f3n<\/p>\n<p>&gt; Condiciones de viabilidad del M\u00e1ster<\/p>\n<p>&gt; Una oportunidad que hay que aprovechar[\/vc_column_text][\/vc_accordion_tab][\/vc_accordion][vc_row_inner row_inner_height_percent=\u00bb0&#8243; overlay_alpha=\u00bb50&#8243; gutter_size=\u00bb3&#8243; shift_y=\u00bb0&#8243; z_index=\u00bb0&#8243; uncode_shortcode_id=\u00bb138056&#8243;][vc_column_inner column_width_percent=\u00bb100&#8243; gutter_size=\u00bb2&#8243; override_padding=\u00bbyes\u00bb column_padding=\u00bb1&#8243; overlay_alpha=\u00bb50&#8243; shift_x=\u00bb0&#8243; shift_y=\u00bb0&#8243; shift_y_down=\u00bb0&#8243; z_index=\u00bb0&#8243; medium_width=\u00bb0&#8243; mobile_width=\u00bb0&#8243; width=\u00bb1\/1&#8243; uncode_shortcode_id=\u00bb175967&#8243;][vc_column_text text_color=\u00bbcolor-xsdn\u00bb uncode_shortcode_id=\u00bb172006&#8243; text_color_type=\u00bbuncode-palette\u00bb]Descargue el informe completo en formato pdf :\u00a0 \u00a0 FR\u00a0 <a href=\"\/wp-content\/uploads\/2022\/02\/Rapport_opportunite_Master_Creative_Media_FR.pdf\" target=\"_blank\" rel=\"noopener\"><img decoding=\"async\" class=\"wp-image-5113 alignnone\" src=\"https:\/\/confluence-creative.com\/wp-content\/uploads\/2022\/02\/telecharger-document-fr-300x200.jpg\" alt=\"\" width=\"32\" height=\"21\" srcset=\"https:\/\/confluence-creative.com\/wp-content\/uploads\/2022\/02\/telecharger-document-fr-300x200.jpg 300w, https:\/\/confluence-creative.com\/wp-content\/uploads\/2022\/02\/telecharger-document-fr.jpg 425w\" sizes=\"(max-width: 32px) 100vw, 32px\" \/><\/a>\u00a0 \u00a0\/\u00a0 \u00a0EN\u00a0 <a href=\"\/wp-content\/uploads\/2022\/02\/Rapport_opportunite_Master_Creative_Media_EN.pdf\" target=\"_blank\" rel=\"noopener\"><img decoding=\"async\" class=\"alignnone wp-image-5116\" src=\"https:\/\/confluence-creative.com\/wp-content\/uploads\/2022\/02\/telecharger-document-en-300x180.png\" alt=\"\" width=\"37\" height=\"22\" srcset=\"https:\/\/confluence-creative.com\/wp-content\/uploads\/2022\/02\/telecharger-document-en-300x180.png 300w, https:\/\/confluence-creative.com\/wp-content\/uploads\/2022\/02\/telecharger-document-en-1024x614.png 1024w, https:\/\/confluence-creative.com\/wp-content\/uploads\/2022\/02\/telecharger-document-en-768x461.png 768w, https:\/\/confluence-creative.com\/wp-content\/uploads\/2022\/02\/telecharger-document-en.png 1200w\" sizes=\"(max-width: 37px) 100vw, 37px\" \/><\/a>[\/vc_column_text][\/vc_column_inner][\/vc_row_inner][vc_row_inner row_inner_height_percent=\u00bb0&#8243; overlay_alpha=\u00bb50&#8243; gutter_size=\u00bb3&#8243; shift_y=\u00bb0&#8243; z_index=\u00bb0&#8243; desktop_visibility=\u00bbyes\u00bb medium_visibility=\u00bbyes\u00bb mobile_visibility=\u00bbyes\u00bb uncode_shortcode_id=\u00bb245574&#8243;][vc_column_inner column_width_use_pixel=\u00bbyes\u00bb gutter_size=\u00bb2&#8243; override_padding=\u00bbyes\u00bb column_padding=\u00bb1&#8243; overlay_alpha=\u00bb50&#8243; shift_x=\u00bb0&#8243; shift_y=\u00bb0&#8243; shift_y_down=\u00bb0&#8243; z_index=\u00bb0&#8243; desktop_visibility=\u00bbyes\u00bb medium_visibility=\u00bbyes\u00bb medium_width=\u00bb0&#8243; mobile_visibility=\u00bbyes\u00bb mobile_width=\u00bb0&#8243; width=\u00bb1\/1&#8243; uncode_shortcode_id=\u00bb170153&#8243; column_width_pixel=\u00bb680px\u00bb][vc_column_text uncode_shortcode_id=\u00bb162098&#8243;][wpdm_package id=&#8217;5158&#8242;][\/vc_column_text][vc_column_text uncode_shortcode_id=\u00bb574854&#8243;][wpdm_package id=&#8217;5157&#8242;][\/vc_column_text][\/vc_column_inner][\/vc_row_inner][\/vc_column][\/vc_row]<\/p>\n<\/div>","protected":false},"excerpt":{"rendered":"<p>[vc_section back_color=\u00bbcolor-541562&#8243; overlay_alpha=\u00bb50&#8243; uncode_shortcode_id=\u00bb190577&#8243; back_color_type=\u00bbuncode-palette\u00bb][vc_row row_height_percent=\u00bb0&#8243; override_padding=\u00bbyes\u00bb h_padding=\u00bb2&#8243; top_padding=\u00bb0&#8243; bottom_padding=\u00bb0&#8243; overlay_alpha=\u00bb50&#8243; gutter_size=\u00bb3&#8243; column_width_percent=\u00bb100&#8243; shift_y=\u00bb0&#8243; z_index=\u00bb0&#8243; uncode_shortcode_id=\u00bb191294&#8243; css=\u00bb.vc_custom_1646904387950{padding-top: 60px !important;padding-bottom: 60px [&hellip;]<\/p>\n","protected":false},"author":2,"featured_media":0,"parent":0,"menu_order":0,"comment_status":"closed","ping_status":"closed","template":"","meta":{"_seopress_robots_primary_cat":"","_seopress_titles_title":"","_seopress_titles_desc":"","_seopress_robots_index":"","footnotes":""},"class_list":["post-2881","page","type-page","status-publish","hentry"],"_links":{"self":[{"href":"https:\/\/confluence-creative.com\/es\/wp-json\/wp\/v2\/pages\/2881","targetHints":{"allow":["GET"]}}],"collection":[{"href":"https:\/\/confluence-creative.com\/es\/wp-json\/wp\/v2\/pages"}],"about":[{"href":"https:\/\/confluence-creative.com\/es\/wp-json\/wp\/v2\/types\/page"}],"author":[{"embeddable":true,"href":"https:\/\/confluence-creative.com\/es\/wp-json\/wp\/v2\/users\/2"}],"replies":[{"embeddable":true,"href":"https:\/\/confluence-creative.com\/es\/wp-json\/wp\/v2\/comments?post=2881"}],"version-history":[{"count":5,"href":"https:\/\/confluence-creative.com\/es\/wp-json\/wp\/v2\/pages\/2881\/revisions"}],"predecessor-version":[{"id":5583,"href":"https:\/\/confluence-creative.com\/es\/wp-json\/wp\/v2\/pages\/2881\/revisions\/5583"}],"wp:attachment":[{"href":"https:\/\/confluence-creative.com\/es\/wp-json\/wp\/v2\/media?parent=2881"}],"curies":[{"name":"wp","href":"https:\/\/api.w.org\/{rel}","templated":true}]}}