{"id":2317,"date":"2021-09-02T15:55:53","date_gmt":"2021-09-02T13:55:53","guid":{"rendered":"https:\/\/confluence-creative.com\/bienvenida\/"},"modified":"2022-03-10T10:10:48","modified_gmt":"2022-03-10T09:10:48","slug":"bienvenida","status":"publish","type":"page","link":"https:\/\/confluence-creative.com\/es\/","title":{"rendered":"Bienvenida"},"content":{"rendered":"<div class=\"wpb-content-wrapper\"><p>[vc_section back_color=\u00bbcolor-166663&#8243; overlay_alpha=\u00bb50&#8243; uncode_shortcode_id=\u00bb204296&#8243; back_color_type=\u00bbuncode-palette\u00bb][vc_row row_height_percent=\u00bb0&#8243; override_padding=\u00bbyes\u00bb h_padding=\u00bb2&#8243; top_padding=\u00bb0&#8243; bottom_padding=\u00bb2&#8243; overlay_alpha=\u00bb50&#8243; gutter_size=\u00bb3&#8243; column_width_percent=\u00bb100&#8243; shift_y=\u00bb0&#8243; z_index=\u00bb0&#8243; uncode_shortcode_id=\u00bb857604&#8243;][vc_column column_width_use_pixel=\u00bbyes\u00bb gutter_size=\u00bb2&#8243; overlay_alpha=\u00bb50&#8243; shift_x=\u00bb0&#8243; shift_y=\u00bb0&#8243; shift_y_down=\u00bb0&#8243; z_index=\u00bb0&#8243; medium_width=\u00bb0&#8243; mobile_width=\u00bb0&#8243; width=\u00bb1\/1&#8243; uncode_shortcode_id=\u00bb199773&#8243; column_width_pixel=\u00bb650&#8243;][vc_single_image media=\u00bb4453&#8243; media_width_use_pixel=\u00bbyes\u00bb alignment=\u00bbcenter\u00bb uncode_shortcode_id=\u00bb100725&#8243; media_width_pixel=\u00bb700&#8243;][vc_custom_heading heading_semantic=\u00bbh1&#8243; uncode_shortcode_id=\u00bb687217&#8243;]Maestro creativo de medios[\/vc_custom_heading][vc_custom_heading heading_semantic=\u00bbp\u00bb text_size=\u00bbh5&#8243; uncode_shortcode_id=\u00bb212645&#8243;]Estudio prospectivo[\/vc_custom_heading][vc_column_text text_lead=\u00bbyes\u00bb uncode_shortcode_id=\u00bb134647&#8243;]<\/p>\n<p class=\"p1\" style=\"text-align: left;\">El M\u00e1ster en Medios Creativos responde a una necesidad identificada de ampliar la oferta formativa existente en el sector cultural y art\u00edstico en M\u00e9xico.<\/p>\n<p>[\/vc_column_text][vc_column_text uncode_shortcode_id=\u00bb203981&#8243;]La implementaci\u00f3n de este M\u00e1ster entre los tres establecimientos del Consorcio de Educaci\u00f3n Superior de Angulema (Eesi-Cnam Enjmin-Emca) y su socio en M\u00e9xico, la escuela de arquitectura, arte y dise\u00f1o del Tec de Monterrey, se completar\u00e1 con una oferta docente y art\u00edstica componente de capacitaci\u00f3n, y consolidar\u00e1 las relaciones entre las dos ciudades, Angulema y Zapopan.<\/p>\n<p>Grand Angoul\u00eame y Zapopan cooperan desde 2012 para la implementaci\u00f3n de acciones conjuntas relacionadas con las \u00abindustrias culturales y creativas\u00bb, agrupadas en el proyecto \u00abConfluencia Creativa\u00bb, del cual la creaci\u00f3n del Creative Media Master es uno de los componentes.<\/p>\n<p>La Escuela Europea de Imae (EESI) ha sido designada para liderar una encuesta de veinte expertos en el campo de las artes, los medios y las nuevas tecnolog\u00edas, y para coordinar el desarrollo del plan de estudios de ense\u00f1anza de dos a\u00f1os del M\u00e1ster. Esta misi\u00f3n finaliz\u00f3 con un informe de oportunidad y un modelo educativo.<br \/>\nLa implementaci\u00f3n efectiva del Creative Media Master podr\u00eda tener lugar a partir del inicio del curso acad\u00e9mico 2022-2023.[\/vc_column_text][vc_row_inner limit_content=\u00bb\u00bb][vc_column_inner column_width_percent=\u00bb100&#8243; position_vertical=\u00bbbottom\u00bb align_horizontal=\u00bbalign_center\u00bb gutter_size=\u00bb3&#8243; overlay_alpha=\u00bb50&#8243; shift_x=\u00bb0&#8243; shift_y=\u00bb0&#8243; shift_y_down=\u00bb0&#8243; z_index=\u00bb0&#8243; medium_width=\u00bb0&#8243; mobile_width=\u00bb0&#8243; width=\u00bb1\/1&#8243; uncode_shortcode_id=\u00bb120616&#8243;][vc_empty_space empty_h=\u00bb1&#8243;][vc_icon icon=\u00bbfa fa-arrow-down4&#8243; icon_color=\u00bbcolor-169046&#8243; size=\u00bbfa-4x\u00bb uncode_shortcode_id=\u00bb164853&#8243; icon_color_type=\u00bbuncode-palette\u00bb][\/vc_icon][\/vc_column_inner][\/vc_row_inner][\/vc_column][\/vc_row][\/vc_section][vc_row row_height_percent=\u00bb0&#8243; override_padding=\u00bbyes\u00bb h_padding=\u00bb2&#8243; top_padding=\u00bb3&#8243; bottom_padding=\u00bb2&#8243; overlay_alpha=\u00bb50&#8243; gutter_size=\u00bb3&#8243; column_width_percent=\u00bb100&#8243; shift_y=\u00bb0&#8243; z_index=\u00bb0&#8243; el_class=\u00bbinverted-device-order\u00bb uncode_shortcode_id=\u00bb872883&#8243;][vc_column column_width_percent=\u00bb100&#8243; position_horizontal=\u00bbleft\u00bb position_vertical=\u00bbmiddle\u00bb gutter_size=\u00bb3&#8243; overlay_alpha=\u00bb50&#8243; shift_x=\u00bb0&#8243; shift_y=\u00bb0&#8243; shift_y_down=\u00bb0&#8243; z_index=\u00bb0&#8243; medium_width=\u00bb4&#8243; mobile_width=\u00bb0&#8243; width=\u00bb1\/2&#8243; uncode_shortcode_id=\u00bb151738&#8243;][vc_custom_heading text_size=\u00bbh3&#8243; text_transform=\u00bbuppercase\u00bb uncode_shortcode_id=\u00bb258124&#8243;]Las principales orientaciones del m\u00e1ster.[\/vc_custom_heading][vc_column_text uncode_shortcode_id=\u00bb112074&#8243;]Esta formaci\u00f3n de nivel Master PRO ha sido dise\u00f1ada para afrontar el reto que plantean las industrias culturales y creativas en t\u00e9rminos de innovaci\u00f3n e integraci\u00f3n profesional en la sociedad digital del siglo XXI. Constituye una s\u00edntesis original entre tres corrientes principales de campos de expresi\u00f3n art\u00edstica: Arte Digital, Videojuegos y Animaci\u00f3n 3D, que integran constantemente nuevas herramientas y nuevos usos en convergencia en el mundo digital.<\/p>\n<p>Nuestro m\u00e1ster ofrece primero a un estudiante, que ingresa al nivel de Licencia, adquirir al final de su formaci\u00f3n un dominio operativo que cubre todo el flujo de Creative Media, desde el nacimiento de la idea en la fase de dise\u00f1o, hasta la producci\u00f3n de contenido con la pr\u00e1ctica de herramientas (IA, VR, rob\u00f3tica), hasta la fase gerencial de distribuci\u00f3n de productos (gesti\u00f3n &amp; IP).[\/vc_column_text][vc_button button_color=\u00bbaccent\u00bb border_width=\u00bb0&#8243; link=\u00bburl:https%3A%2F%2Fconfluence-creative.com%2Fes%2Flas-direcciones-principales%2F|title:Las%20direcciones%20principales\u00bb button_color_type=\u00bbuncode-palette\u00bb uncode_shortcode_id=\u00bb426016&#8243;]Consultar el modelo educativo[\/vc_button][\/vc_column][vc_column column_width_percent=\u00bb100&#8243; position_horizontal=\u00bbright\u00bb position_vertical=\u00bbmiddle\u00bb gutter_size=\u00bb3&#8243; overlay_alpha=\u00bb50&#8243; shift_x=\u00bb0&#8243; shift_y=\u00bb0&#8243; shift_y_down=\u00bb0&#8243; z_index=\u00bb0&#8243; medium_width=\u00bb4&#8243; mobile_width=\u00bb0&#8243; width=\u00bb1\/2&#8243; el_class=\u00bbinverted-device-order\u00bb uncode_shortcode_id=\u00bb119449&#8243;][vc_single_image media=\u00bb2141&#8243; media_width_percent=\u00bb100&#8243; alignment=\u00bbright\u00bb uncode_shortcode_id=\u00bb196461&#8243;][\/vc_column][\/vc_row][vc_row row_height_percent=\u00bb0&#8243; override_padding=\u00bbyes\u00bb h_padding=\u00bb2&#8243; top_padding=\u00bb4&#8243; bottom_padding=\u00bb2&#8243; overlay_alpha=\u00bb50&#8243; gutter_size=\u00bb3&#8243; column_width_percent=\u00bb100&#8243; shift_y=\u00bb0&#8243; z_index=\u00bb0&#8243; uncode_shortcode_id=\u00bb242831&#8243;][vc_column column_width_percent=\u00bb100&#8243; position_horizontal=\u00bbleft\u00bb gutter_size=\u00bb3&#8243; overlay_alpha=\u00bb50&#8243; shift_x=\u00bb0&#8243; shift_y=\u00bb0&#8243; shift_y_down=\u00bb0&#8243; z_index=\u00bb0&#8243; medium_width=\u00bb4&#8243; mobile_width=\u00bb0&#8243; width=\u00bb1\/2&#8243; el_class=\u00bbinverted-device-order\u00bb uncode_shortcode_id=\u00bb117986&#8243;][vc_single_image media=\u00bb4443&#8243; media_width_percent=\u00bb100&#8243; uncode_shortcode_id=\u00bb172288&#8243;][\/vc_column][vc_column column_width_percent=\u00bb100&#8243; position_horizontal=\u00bbright\u00bb position_vertical=\u00bbmiddle\u00bb gutter_size=\u00bb3&#8243; overlay_alpha=\u00bb50&#8243; shift_x=\u00bb0&#8243; shift_y=\u00bb0&#8243; shift_y_down=\u00bb0&#8243; z_index=\u00bb0&#8243; medium_width=\u00bb4&#8243; mobile_width=\u00bb0&#8243; width=\u00bb1\/2&#8243; uncode_shortcode_id=\u00bb543970&#8243;][vc_custom_heading text_size=\u00bbh3&#8243; text_transform=\u00bbuppercase\u00bb uncode_shortcode_id=\u00bb140091&#8243;]El punto de vista de nuestros expertos[\/vc_custom_heading][vc_column_text uncode_shortcode_id=\u00bb859530&#8243;]Con el objetivo de sondear la relevancia del M\u00e1ster Creative Media, tanto en su adecuaci\u00f3n como en su pertinencia prospectiva, veinte personalidades del mundo acad\u00e9mico, art\u00edstico e industrial reconocidas por su dilatada experiencia en sus respectivos campos y su reputaci\u00f3n de saber hacer en el campo de la creaci\u00f3n digital, se les pidi\u00f3 conocer su sentir sobre el estado del arte y la evoluci\u00f3n de las tecnolog\u00edas de creaci\u00f3n en los pr\u00f3ximos a\u00f1os: videojuegos, dispositivos interactivos, inmersi\u00f3n virtual y metaversos, inteligencia artificial y blockchain nada escapa a su atenci\u00f3n.<\/p>\n<p>El an\u00e1lisis de estos testimonios constituy\u00f3 la base del informe de oportunidad y permiti\u00f3 evaluar la adecuaci\u00f3n del modelo educativo.[\/vc_column_text][vc_button button_color=\u00bbaccent\u00bb border_width=\u00bb0&#8243; link=\u00bburl:https%3A%2F%2Fconfluence-creative.com%2Fes%2Fel-punto-de-vista-de-nuestros-expertos%2F|title:Les%20experts\u00bb button_color_type=\u00bbuncode-palette\u00bb uncode_shortcode_id=\u00bb199671&#8243;]Ver entrevistas con expertos[\/vc_button][\/vc_column][\/vc_row][vc_row row_height_percent=\u00bb0&#8243; override_padding=\u00bbyes\u00bb h_padding=\u00bb2&#8243; top_padding=\u00bb4&#8243; bottom_padding=\u00bb2&#8243; overlay_alpha=\u00bb50&#8243; gutter_size=\u00bb3&#8243; column_width_percent=\u00bb100&#8243; shift_y=\u00bb0&#8243; z_index=\u00bb0&#8243; uncode_shortcode_id=\u00bb167664&#8243;][vc_column column_width_percent=\u00bb100&#8243; position_horizontal=\u00bbleft\u00bb position_vertical=\u00bbmiddle\u00bb gutter_size=\u00bb3&#8243; overlay_alpha=\u00bb50&#8243; shift_x=\u00bb0&#8243; shift_y=\u00bb0&#8243; shift_y_down=\u00bb0&#8243; z_index=\u00bb0&#8243; medium_width=\u00bb4&#8243; mobile_width=\u00bb0&#8243; width=\u00bb1\/2&#8243; uncode_shortcode_id=\u00bb595744&#8243;][vc_custom_heading text_size=\u00bbh3&#8243; text_transform=\u00bbuppercase\u00bb uncode_shortcode_id=\u00bb665712&#8243;]Estudio de viabilidad del M\u00e1ster[\/vc_custom_heading][vc_column_text uncode_shortcode_id=\u00bb398737&#8243;]El an\u00e1lisis en profundidad de las opiniones de los expertos confirm\u00f3 la intuici\u00f3n inicial de un curso de formaci\u00f3n de alto nivel en \u00abMedios de Comunicaci\u00f3n Creativos\u00bb resultante de los intercambios entre los establecimientos de formaci\u00f3n en imagen de Angulema y el TEC de Monterrey en Zapopan. El Master Creative Media es una oportunidad para que el P\u00f4le Image d&#8217;Angoul\u00eame y el territorio de Zapopan se posicionen a la vanguardia de la formaci\u00f3n actual en las profesiones de la creaci\u00f3n digital. La elaboraci\u00f3n de los contenidos pedag\u00f3gicos que lo animar\u00e1n ha puesto de manifiesto la capacidad del TEC de Monterrey y de los tres establecimientos de formaci\u00f3n en Imagen de Angulema &#8211; EESI, ENJMIN y EMCA- para trabajar conjuntamente en la definici\u00f3n de un programa original y ambicioso que puede convertirse en una referencia en Europa y en Am\u00e9rica Latina.[\/vc_column_text][vc_button button_color=\u00bbaccent\u00bb border_width=\u00bb0&#8243; link=\u00bburl:https%3A%2F%2Fconfluence-creative.com%2Fes%2Fla-sintesis%2F|title:La%20synth%C3%A8se\u00bb button_color_type=\u00bbuncode-palette\u00bb uncode_shortcode_id=\u00bb100936&#8243;]Lea el estudio de viabilidad[\/vc_button][\/vc_column][vc_column column_width_percent=\u00bb100&#8243; position_horizontal=\u00bbright\u00bb gutter_size=\u00bb3&#8243; overlay_alpha=\u00bb50&#8243; shift_x=\u00bb0&#8243; shift_y=\u00bb0&#8243; shift_y_down=\u00bb0&#8243; z_index=\u00bb0&#8243; medium_width=\u00bb4&#8243; mobile_width=\u00bb0&#8243; width=\u00bb1\/2&#8243; el_class=\u00bbinverted-device-order\u00bb uncode_shortcode_id=\u00bb226515&#8243;][vc_single_image media=\u00bb1143&#8243; media_width_percent=\u00bb100&#8243; alignment=\u00bbright\u00bb uncode_shortcode_id=\u00bb566139&#8243;][\/vc_column][\/vc_row][vc_row row_height_percent=\u00bb0&#8243; overlay_alpha=\u00bb50&#8243; gutter_size=\u00bb4&#8243; column_width_percent=\u00bb100&#8243; shift_y=\u00bb0&#8243; z_index=\u00bb0&#8243; el_class=\u00bbinverted-device-order\u00bb uncode_shortcode_id=\u00bb322078&#8243;][vc_column column_width_percent=\u00bb100&#8243; position_horizontal=\u00bbleft\u00bb position_vertical=\u00bbmiddle\u00bb gutter_size=\u00bb3&#8243; overlay_alpha=\u00bb50&#8243; shift_x=\u00bb0&#8243; shift_y=\u00bb0&#8243; shift_y_down=\u00bb0&#8243; z_index=\u00bb0&#8243; medium_width=\u00bb4&#8243; mobile_width=\u00bb0&#8243; width=\u00bb1\/1&#8243;][vc_empty_space empty_h=\u00bb2&#8243;][\/vc_column][\/vc_row][vc_section overlay_alpha=\u00bb50&#8243; uncode_shortcode_id=\u00bb193864&#8243;][vc_row row_height_percent=\u00bb0&#8243; override_padding=\u00bbyes\u00bb h_padding=\u00bb2&#8243; top_padding=\u00bb1&#8243; bottom_padding=\u00bb3&#8243; overlay_alpha=\u00bb50&#8243; gutter_size=\u00bb3&#8243; column_width_percent=\u00bb100&#8243; shift_y=\u00bb0&#8243; z_index=\u00bb0&#8243; uncode_shortcode_id=\u00bb144250&#8243;][vc_column column_width_percent=\u00bb100&#8243; gutter_size=\u00bb3&#8243; overlay_alpha=\u00bb50&#8243; shift_x=\u00bb0&#8243; shift_y=\u00bb0&#8243; shift_y_down=\u00bb0&#8243; z_index=\u00bb0&#8243; medium_width=\u00bb0&#8243; mobile_width=\u00bb0&#8243; width=\u00bb1\/1&#8243; uncode_shortcode_id=\u00bb116938&#8243;][vc_custom_heading heading_semantic=\u00bbp\u00bb text_size=\u00bbh5&#8243; uncode_shortcode_id=\u00bb959786&#8243;]Escuelas que contribuyen a la g\u00e9nesis del M\u00e1ster[\/vc_custom_heading][vc_gallery el_id=\u00bbgallery-161873&#8243; type=\u00bbcarousel\u00bb random=\u00bbyes\u00bb medias=\u00bb4909,4912,4915,4918&#8243; carousel_lg=\u00bb1&#8243; carousel_md=\u00bb1&#8243; carousel_sm=\u00bb1&#8243; thumb_size=\u00bbsixteen-nine\u00bb gutter_size=\u00bb3&#8243; media_items=\u00bbmedia|custom_link|original,caption\u00bb carousel_v_align=\u00bbmiddle\u00bb carousel_interval=\u00bb3000&#8243; carousel_navspeed=\u00bb400&#8243; carousel_loop=\u00bbyes\u00bb carousel_nav=\u00bbyes\u00bb carousel_nav_skin=\u00bbdark\u00bb carousel_dots=\u00bbyes\u00bb carousel_dots_mobile=\u00bbyes\u00bb carousel_autoh=\u00bbyes\u00bb stage_padding=\u00bb0&#8243; single_text=\u00bbunder\u00bb single_overlay_opacity=\u00bb50&#8243; single_h_align=\u00bbcenter\u00bb single_padding=\u00bb2&#8243; single_title_weight=\u00bb400&#8243; single_title_transform=\u00bbuppercase\u00bb single_text_lead=\u00bbsmall\u00bb uncode_shortcode_id=\u00bb818188&#8243; items=\u00bbeyI0OTA5X2kiOnsic2luZ2xlX2xpbmsiOiJ1cmw6aHR0cHMlM0ElMkYlMkZ3d3cuZWVzaS5ldSUyRnNpdGUlMkZpbmRleC5waHB8dGFyZ2V0Ol9ibGFuayJ9LCI0OTEyX2kiOnsic2luZ2xlX2xpbmsiOiJ1cmw6aHR0cCUzQSUyRiUyRnd3dy5hbmdvdWxlbWUtZW1jYS5mciUyRmZyJTJGaW5kZXguYXNwfHRhcmdldDpfYmxhbmsifSwiNDkxNV9pIjp7InNpbmdsZV9saW5rIjoidXJsOmh0dHBzJTNBJTJGJTJGZW5qbWluLmNuYW0uZnIlMkZlbmptaW4lMkZlY29sZS1uYXRpb25hbGUtZHUtamV1LWV0LWRlcy1tZWRpYXMtaW50ZXJhY3RpZnMtYWNjdWVpbC0xMTI2MTAzLmtqc3B8dGFyZ2V0Ol9ibGFuayJ9LCI0OTE4X2kiOnsic2luZ2xlX2xpbmsiOiJ1cmw6aHR0cHMlM0ElMkYlMkZ0ZWMubXglMkZlc3x0YXJnZXQ6X2JsYW5rIn19&#8243;][\/vc_column][\/vc_row][\/vc_section][vc_section overlay_alpha=\u00bb50&#8243; uncode_shortcode_id=\u00bb193864&#8243;][vc_row row_height_percent=\u00bb0&#8243; override_padding=\u00bbyes\u00bb h_padding=\u00bb2&#8243; top_padding=\u00bb3&#8243; bottom_padding=\u00bb2&#8243; overlay_alpha=\u00bb50&#8243; gutter_size=\u00bb3&#8243; column_width_percent=\u00bb100&#8243; shift_y=\u00bb0&#8243; z_index=\u00bb0&#8243; uncode_shortcode_id=\u00bb199553&#8243;][vc_column width=\u00bb1\/1&#8243;][uncode_block id=\u00bb1128&#8243;][\/vc_column][\/vc_row][vc_row row_height_percent=\u00bb0&#8243; override_padding=\u00bbyes\u00bb h_padding=\u00bb2&#8243; top_padding=\u00bb3&#8243; bottom_padding=\u00bb2&#8243; overlay_alpha=\u00bb50&#8243; gutter_size=\u00bb3&#8243; column_width_percent=\u00bb100&#8243; shift_y=\u00bb0&#8243; z_index=\u00bb0&#8243; uncode_shortcode_id=\u00bb202296&#8243;][vc_column width=\u00bb1\/1&#8243;][uncode_block id=\u00bb1122&#8243;][\/vc_column][\/vc_row][\/vc_section]<\/p>\n<\/div>","protected":false},"excerpt":{"rendered":"<p>[vc_section back_color=\u00bbcolor-166663&#8243; overlay_alpha=\u00bb50&#8243; uncode_shortcode_id=\u00bb204296&#8243; back_color_type=\u00bbuncode-palette\u00bb][vc_row row_height_percent=\u00bb0&#8243; override_padding=\u00bbyes\u00bb h_padding=\u00bb2&#8243; top_padding=\u00bb0&#8243; bottom_padding=\u00bb2&#8243; overlay_alpha=\u00bb50&#8243; gutter_size=\u00bb3&#8243; column_width_percent=\u00bb100&#8243; shift_y=\u00bb0&#8243; z_index=\u00bb0&#8243; uncode_shortcode_id=\u00bb857604&#8243;][vc_column column_width_use_pixel=\u00bbyes\u00bb gutter_size=\u00bb2&#8243; overlay_alpha=\u00bb50&#8243; shift_x=\u00bb0&#8243; [&hellip;]<\/p>\n","protected":false},"author":2,"featured_media":0,"parent":0,"menu_order":10,"comment_status":"closed","ping_status":"closed","template":"","meta":{"_seopress_robots_primary_cat":"","_seopress_titles_title":"","_seopress_titles_desc":"","_seopress_robots_index":"","footnotes":""},"class_list":["post-2317","page","type-page","status-publish","hentry"],"_links":{"self":[{"href":"https:\/\/confluence-creative.com\/es\/wp-json\/wp\/v2\/pages\/2317","targetHints":{"allow":["GET"]}}],"collection":[{"href":"https:\/\/confluence-creative.com\/es\/wp-json\/wp\/v2\/pages"}],"about":[{"href":"https:\/\/confluence-creative.com\/es\/wp-json\/wp\/v2\/types\/page"}],"author":[{"embeddable":true,"href":"https:\/\/confluence-creative.com\/es\/wp-json\/wp\/v2\/users\/2"}],"replies":[{"embeddable":true,"href":"https:\/\/confluence-creative.com\/es\/wp-json\/wp\/v2\/comments?post=2317"}],"version-history":[{"count":5,"href":"https:\/\/confluence-creative.com\/es\/wp-json\/wp\/v2\/pages\/2317\/revisions"}],"predecessor-version":[{"id":5565,"href":"https:\/\/confluence-creative.com\/es\/wp-json\/wp\/v2\/pages\/2317\/revisions\/5565"}],"wp:attachment":[{"href":"https:\/\/confluence-creative.com\/es\/wp-json\/wp\/v2\/media?parent=2317"}],"curies":[{"name":"wp","href":"https:\/\/api.w.org\/{rel}","templated":true}]}}